{"id":1885,"date":"2017-11-09T16:58:00","date_gmt":"2017-11-09T15:58:00","guid":{"rendered":"http:\/\/www.paripari-lingerie.com\/beta_\/?page_id=1885"},"modified":"2024-12-20T00:25:15","modified_gmt":"2024-12-19T23:25:15","slug":"paripari-privacy-policy","status":"publish","type":"page","link":"https:\/\/www.paripari-lingerie.com\/pt\/paripari-privacy-policy\/","title":{"rendered":"Guia de cookies PariPari"},"content":{"rendered":"<p><\/p>\n<div id=\"MainDiv\">\n<p>No site da PariPari, est\u00e3o dispon\u00edveis links para servi\u00e7os externos onde esta pol\u00edtica n\u00e3o se aplica. A PariPari sp. z o.o. (doravante \u201cPariPari\u201d) n\u00e3o se responsabiliza pelas pol\u00edticas de privacidade em vigor nesses sites. Recomendamos a leitura das pol\u00edticas de privacidade de cada servi\u00e7o.<\/p>\n<p><strong>Dados n\u00e3o pessoais<\/strong><\/p>\n<p>A PariPari compromete-se a proteger a privacidade deste site. O site utiliza um mecanismo denominado \u201ccookies\u201d. Mais informa\u00e7\u00f5es sobre o mecanismo de \u201ccookies\u201d est\u00e3o dispon\u00edveis numa pol\u00edtica separada de privacidade e utiliza\u00e7\u00e3o de cookies nos servi\u00e7os da PariPari sp. z o.o.<\/p>\n<h2>Pol\u00edtica de privacidade e utiliza\u00e7\u00e3o de cookies nos servi\u00e7os online da PariPari sp. z o.o.<\/h2>\n<p>Os dados recolhidos nos registos de logs s\u00e3o utilizados exclusivamente para administra\u00e7\u00e3o do site. N\u00e3o procuramos identificar os utilizadores dos sites pertencentes \u00e0 PariPari sp. z o.o.<\/p>\n<p><strong>Recolha de dados<\/strong><\/p>\n<p>De acordo com a pr\u00e1tica comum da maioria dos sites, armazenamos pedidos HTTP enviados ao nosso servidor. Isso significa que conhecemos os endere\u00e7os IP p\u00fablicos a partir dos quais os utilizadores acedem aos conte\u00fados dos nossos servi\u00e7os. Os recursos acedidos s\u00e3o identificados atrav\u00e9s de endere\u00e7os URL.<\/p>\n<p>Esses dados n\u00e3o est\u00e3o associados a indiv\u00edduos espec\u00edficos que visitam os sites da PariPari sp. z o.o.<\/p>\n<p><strong>Utiliza\u00e7\u00e3o dos dados<\/strong><\/p>\n<p>Os logs recolhidos s\u00e3o armazenados para fins de administra\u00e7\u00e3o do site. As informa\u00e7\u00f5es neles contidas n\u00e3o s\u00e3o divulgadas a terceiros, exceto \u00e0s pessoas autorizadas a administrar os servidores da PariPari sp. z o.o. Com base nos registos de logs, podem ser geradas estat\u00edsticas \u00fateis para a administra\u00e7\u00e3o. Os resumos agregados nessas estat\u00edsticas n\u00e3o cont\u00eam caracter\u00edsticas que identifiquem os visitantes do site.<\/p>\n<p><strong>Mecanismo de cookies nos sites da PariPari sp. z o.o.<\/strong><\/p>\n<p>O mecanismo de cookies n\u00e3o \u00e9 utilizado para obter informa\u00e7\u00f5es sobre os utilizadores do site ou para rastrear sua navega\u00e7\u00e3o. Os cookies utilizados nos sites da PariPari sp. z o.o. n\u00e3o armazenam dados pessoais dos utilizadores. Os cookies s\u00e3o utilizados para manter a sess\u00e3o entre o navegador e o servidor (os cookies s\u00e3o exclu\u00eddos ao fechar o navegador) e para lembrar a \u00faltima vers\u00e3o de idioma selecionada do site.<\/p>\n<p><strong>O que s\u00e3o cookies?<\/strong><\/p>\n<p>Cookies s\u00e3o pequenos &#8220;pacotes&#8221; de informa\u00e7\u00e3o guardados pelo navegador. Gra\u00e7as aos cookies, os sites lembram as suas prefer\u00eancias.<\/p>\n<p><strong>Como gerir os cookies:<\/strong><\/p>\n<p>Se o utilizador n\u00e3o desejar receber cookies, pode alterar as configura\u00e7\u00f5es do navegador. Note que desativar os cookies necess\u00e1rios para o registo, seguran\u00e7a e manuten\u00e7\u00e3o das prefer\u00eancias do utilizador pode dificultar a utiliza\u00e7\u00e3o dos sites da PariPari sp. z o.o., e em casos extremos pode impedir o acesso aos mesmos.<\/p>\n<p>Para gerir as configura\u00e7\u00f5es de cookies, escolha o seu navegador na lista abaixo e siga as instru\u00e7\u00f5es:<br \/>\n\u00b7 Internet Explorer &#8211;\u00a0<a href=\"http:\/\/support.microsoft.com\/kb\/196955\" target=\"_blank\" rel=\"noopener noreferrer\">http:\/\/support.microsoft.com\/kb\/196955<\/a><br \/>\n\u00b7 Chrome &#8211;\u00a0<a href=\"http:\/\/support.google.com\/chrome\/bin\/answer.py?hl=pt&amp;answer=95647\" target=\"_blank\" rel=\"noopener noreferrer\">http:\/\/support.google.com\/chrome\/bin\/answer.py?hl=pt&amp;answer=95647<\/a><br \/>\n\u00b7 Safari &#8211;\u00a0<a href=\"http:\/\/support.apple.com\/kb\/PH5042\" target=\"_blank\" rel=\"noopener noreferrer\">http:\/\/support.apple.com\/kb\/PH5042<\/a><br \/>\n\u00b7 Firefox &#8211;\u00a0<a href=\"http:\/\/support.mozilla.org\/pt-PT\/kb\/ativar-e-desativar-cookies\" target=\"_blank\" rel=\"noopener noreferrer\">http:\/\/support.mozilla.org\/pt-PT\/kb\/ativar-e-desativar-cookies<\/a><br \/>\n\u00b7 Opera &#8211;\u00a0<a href=\"http:\/\/help.opera.com\/Windows\/12.10\/pt\/cookies.html\" target=\"_blank\" rel=\"noopener noreferrer\">http:\/\/help.opera.com\/Windows\/12.10\/pt\/cookies.html<\/a><\/p>\n<p>Dispositivos m\u00f3veis:<br \/>\n\u00b7 Android &#8211;\u00a0<a href=\"http:\/\/support.google.com\/chrome\/bin\/answer.py?hl=pt&amp;answer=95647\" target=\"_blank\" rel=\"noopener noreferrer\">http:\/\/support.google.com\/chrome\/bin\/answer.py?hl=pt&amp;answer=95647<\/a><br \/>\n\u00b7 Safari &#8211;\u00a0<a href=\"http:\/\/support.apple.com\/kb\/HT1677?viewlocale=pt_PT\" target=\"_blank\" rel=\"noopener noreferrer\">http:\/\/support.apple.com\/kb\/HT1677?viewlocale=pt_PT<\/a><br \/>\n\u00b7 Windows Phone &#8211;\u00a0<a href=\"http:\/\/www.windowsphone.com\/pt-pt\/how-to\/wp7\/web\/changing-privacy-and-other-browser-settings\" target=\"_blank\" rel=\"noopener noreferrer\">http:\/\/www.windowsphone.com\/pt-pt\/how-to\/wp7\/web\/changing-privacy-and-other-browser-settings<\/a><br \/>\n\u00b7 Blackberry &#8211;\u00a0<a href=\"http:\/\/docs.blackberry.com\/en\/smartphone_users\/deliverables\/32004\/Turn_off_cookies_in_the_browser_60_1072866_11.jsp\" target=\"_blank\" rel=\"noopener noreferrer\">http:\/\/docs.blackberry.com\/en\/smartphone_users\/deliverables\/32004\/Turn_off_cookies_in_the_browser_60_1072866_11.jsp<\/a><\/p>\n<p><strong>Links para outros sites<\/strong><\/p>\n<p>Os servi\u00e7os pertencentes \u00e0 PariPari sp. z o.o. podem conter links para outros sites. A PariPari sp. z o.o. n\u00e3o se responsabiliza pelas pol\u00edticas de privacidade vigentes nesses sites. Recomendamos que, ao acessar outros sites, leia a pol\u00edtica de privacidade definida por eles. Esta pol\u00edtica de privacidade aplica-se apenas aos sites pertencentes \u00e0 PariPari sp. z o.o.<\/p>\n<p><strong>Estat\u00edsticas do Google Analytics<\/strong><\/p>\n<p>O tr\u00e1fego nos sites \u00e9 monitorado atrav\u00e9s das estat\u00edsticas do Google Analytics. Isso permite a coleta de dados sobre o uso e popularidade dos nossos sites. Ao utilizar os sites, concorda que os seus dados sejam analisados pelo Google Analytics para os fins aqui descritos.<\/p>\n<\/div>\n<div id=\"topMenuLine\">\n<p><strong>RGPD<\/strong><\/p>\n<p>Desde 25 de maio de 2018, est\u00e1 em vigor o Regulamento Geral de Prote\u00e7\u00e3o de Dados (RGPD) na Uni\u00e3o Europeia.<\/p>\n<p>Por isso, queremos inform\u00e1-lo sobre as regras relacionadas ao tratamento dos seus dados pessoais pela PariPari, bem como dos direitos que lhe assistem. Queremos garantir que possui todas as informa\u00e7\u00f5es necess\u00e1rias para utilizar os nossos servi\u00e7os com tranquilidade.<\/p>\n<p>Garantimos que a sua privacidade est\u00e1 protegida e que n\u00e3o procuramos, de forma alguma, ampliar os nossos direitos. Os seus dados pessoais est\u00e3o seguros connosco e pode retirar, a qualquer momento, o consentimento para a sua coleta e tratamento, de acordo com as disposi\u00e7\u00f5es aqui descritas.<\/p>\n<p><strong>Informa\u00e7\u00f5es sobre a prote\u00e7\u00e3o de dados pessoais<\/strong><\/p>\n<p>PariPari sp. z o.o., com sede em ul. Filomat\u00f3w 36, 42-217 Cz\u0119stochowa (doravante \u00ab<strong>N\u00f3s<\/strong>\u00bb ou \u00ab<strong>PariPari<\/strong>\u00bb), como respons\u00e1vel pelo tratamento de dados pessoais, recolhe os seus dados pessoais obtidos durante o in\u00edcio ou manuten\u00e7\u00e3o de rela\u00e7\u00f5es comerciais consigo (\u00ab<strong>Dados pessoais<\/strong>\u00bb), em particular:<\/p>\n<ul>\n<li>nome, apelido, endere\u00e7o de e-mail, endere\u00e7o de contacto, empresa representada, n\u00famero de telefone, cargo,<\/li>\n<li>no caso de empres\u00e1rios: NIF, REGON, endere\u00e7o da sede, n\u00famero da conta banc\u00e1ria,<\/li>\n<\/ul>\n<p>Recolhemos os seus Dados pessoais para os seguintes fins:<\/p>\n<ul>\n<li>estabelecer e manter a rela\u00e7\u00e3o comercial, prestar os servi\u00e7os oferecidos, incluindo a venda e envio de produtos encomendados e a gest\u00e3o de pagamentos, o tratamento de reclama\u00e7\u00f5es,<\/li>\n<li>cumprir com as obriga\u00e7\u00f5es legais da PariPari, incluindo a emiss\u00e3o e armazenamento de faturas e documentos contabil\u00edsticos, bem como o arquivamento,<\/li>\n<li>proteger os direitos da PariPari de acordo com a legisla\u00e7\u00e3o, particularmente no \u00e2mbito da cobran\u00e7a de d\u00edvidas e disputas,<\/li>\n<li>verificar a sua solv\u00eancia e conceder cr\u00e9ditos comerciais garantindo os pagamentos devidos \u00e0 PariPari.<\/li>\n<\/ul>\n<p>A PariPari pode compartilhar os seus Dados pessoais com terceiros apenas para os fins indicados acima.<\/p>\n<p>Para quaisquer quest\u00f5es sobre os seus Dados pessoais ou os seus direitos de privacidade, entre em contacto connosco em ul. Filomat\u00f3w 36, 42-217 Cz\u0119stochowa ou por e-mail: info (at) paripari-lingerie.com.<\/p>\n<p>&nbsp;<\/p>\n<\/div>\n<p><\/p>","protected":false},"excerpt":{"rendered":"<p>No site da PariPari, est\u00e3o dispon\u00edveis links para servi\u00e7os externos onde esta pol\u00edtica n\u00e3o se aplica. A PariPari sp. z o.o. (doravante \u201cPariPari\u201d) n\u00e3o se responsabiliza pelas pol\u00edticas de privacidade em vigor nesses sites. Recomendamos a leitura das pol\u00edticas de privacidade de cada servi\u00e7o. Dados n\u00e3o pessoais A PariPari compromete-se a proteger a privacidade deste [&hellip;]<\/p>\n","protected":false},"author":1,"featured_media":0,"parent":0,"menu_order":8,"comment_status":"closed","ping_status":"closed","template":"","meta":{"footnotes":""},"class_list":["post-1885","page","type-page","status-publish","czr-hentry"],"_links":{"self":[{"href":"https:\/\/www.paripari-lingerie.com\/pt\/wp-json\/wp\/v2\/pages\/1885","targetHints":{"allow":["GET"]}}],"collection":[{"href":"https:\/\/www.paripari-lingerie.com\/pt\/wp-json\/wp\/v2\/pages"}],"about":[{"href":"https:\/\/www.paripari-lingerie.com\/pt\/wp-json\/wp\/v2\/types\/page"}],"author":[{"embeddable":true,"href":"https:\/\/www.paripari-lingerie.com\/pt\/wp-json\/wp\/v2\/users\/1"}],"replies":[{"embeddable":true,"href":"https:\/\/www.paripari-lingerie.com\/pt\/wp-json\/wp\/v2\/comments?post=1885"}],"version-history":[{"count":9,"href":"https:\/\/www.paripari-lingerie.com\/pt\/wp-json\/wp\/v2\/pages\/1885\/revisions"}],"predecessor-version":[{"id":3733,"href":"https:\/\/www.paripari-lingerie.com\/pt\/wp-json\/wp\/v2\/pages\/1885\/revisions\/3733"}],"wp:attachment":[{"href":"https:\/\/www.paripari-lingerie.com\/pt\/wp-json\/wp\/v2\/media?parent=1885"}],"curies":[{"name":"wp","href":"https:\/\/api.w.org\/{rel}","templated":true}]}}