{"id":2542,"date":"2018-07-11T08:21:05","date_gmt":"2018-07-11T07:21:05","guid":{"rendered":"https:\/\/www.paripari-lingerie.com\/?page_id=2542"},"modified":"2024-12-20T12:28:04","modified_gmt":"2024-12-20T11:28:04","slug":"sari-beige","status":"publish","type":"page","link":"https:\/\/www.paripari-lingerie.com\/pt\/collection\/sari-beige\/","title":{"rendered":"SARI BEGE"},"content":{"rendered":"<p><br \/>\n<\/p>\n<p style=\"text-align: center;\"><style type=\"text\/css\" scoped>.rbs_gallery_69e35585841bcSpinner{\r\n\t\t\t\tmargin: 50px auto;\r\n\t\t\t\twidth: 50px;\r\n\t\t\t\theight: 40px;\r\n\t\t\t\ttext-align: center;\r\n\t\t\t\tfont-size: 10px;\r\n\t\t\t}\r\n\t\t\t.rbs_gallery_69e35585841bcSpinner > div{\r\n\t\t\t  background-color: #333;\r\n\t\t\t  height: 100%;\r\n\t\t\t  width: 6px;\r\n\t\t\t  display: inline-block;\r\n\t\t\t  -webkit-animation: rbs_gallery_69e35585841bc-stretchdelay 1.2s infinite ease-in-out;\r\n\t\t\t  animation: rbs_gallery_69e35585841bc-stretchdelay 1.2s infinite ease-in-out;\r\n\t\t\t}\r\n\t\t\t.rbs_gallery_69e35585841bcSpinner .rbs_gallery_69e35585841bcRect2 {\r\n\t\t\t  -webkit-animation-delay: -1.1s;\r\n\t\t\t  animation-delay: -1.1s;\r\n\t\t\t}\r\n\t\t\t.rbs_gallery_69e35585841bcSpinner .rbs_gallery_69e35585841bcRect3 {\r\n\t\t\t  -webkit-animation-delay: -1.0s;\r\n\t\t\t  animation-delay: -1.0s;\r\n\t\t\t}\r\n\t\t\t.rbs_gallery_69e35585841bcSpinner .rbs_gallery_69e35585841bcRect4 {\r\n\t\t\t  -webkit-animation-delay: -0.9s;\r\n\t\t\t  animation-delay: -0.9s;\r\n\t\t\t}\r\n\t\t\t.rbs_gallery_69e35585841bcSpinner .rbs_gallery_69e35585841bcRect5 {\r\n\t\t\t  -webkit-animation-delay: -0.8s;\r\n\t\t\t  animation-delay: -0.8s;\r\n\t\t\t}\r\n\t\t\t@-webkit-keyframes rbs_gallery_69e35585841bc-stretchdelay {\r\n\t\t\t  0%, 40%, 100% { -webkit-transform: scaleY(0.4) }  \r\n\t\t\t  20% { -webkit-transform: scaleY(1.0) }\r\n\t\t\t}\r\n\t\t\t@keyframes rbs_gallery_69e35585841bc-stretchdelay {\r\n\t\t\t  0%, 40%, 100% { \r\n\t\t\t    transform: scaleY(0.4);\r\n\t\t\t    -webkit-transform: scaleY(0.4);\r\n\t\t\t  }  20% { \r\n\t\t\t    transform: scaleY(1.0);\r\n\t\t\t    -webkit-transform: scaleY(1.0);\r\n\t\t\t  }\r\n\t\t\t}\r\n\t\t<\/style><div class=\"robo-gallery-wrap robo-gallery-wrap-id2543 robo-gallery-\" ><div id=\"rbs_gallery_69e35585841bc-block-loader\" class=\"rbs_gallery_69e35585841bcSpinner\"><div class=\"rbs_gallery_69e35585841bcRect1\"><\/div> <div class=\"rbs_gallery_69e35585841bcRect2\"><\/div> <div class=\"rbs_gallery_69e35585841bcRect3\"><\/div> <div class=\"rbs_gallery_69e35585841bcRect4\"><\/div> <div class=\"rbs_gallery_69e35585841bcRect5\"><\/div><\/div><div id=\"robo_gallery_main_block_rbs_gallery_69e35585841bc\" class=\"robogallery-gallery-2543\" style=\"width:100%;  display: none;\"><div id=\"rbs_gallery_69e35585841bc\" data-options=\"rbs_gallery_69e35585841bc\" style=\"width:100%;\" class=\"robo_gallery  \"><div class=\"rbs-img  category2543 \" ><div class=\"rbs-img-image   rbs-lightbox \" ><div class=\"rbs-img-thumbs\"  data-thumbnail=\"https:\/\/www.paripari-lingerie.com\/wp-content\/uploads\/2018\/07\/SARI_BEIGE_BOXERS-669x1024.jpg\"  title=\"SARI_BEIGE_BOXERS\"  data-width=\"669\"  data-height=\"1024\" ><\/div><div class=\"rbs-img-data-popup\"  data-popup=\"https:\/\/www.paripari-lingerie.com\/wp-content\/uploads\/2018\/07\/SARI_BEIGE_BOXERS.jpg\"  title=\"SARI_BEIGE_BOXERS\" ><\/div><div class=\"thumbnail-overlay\"><div class=\"rbsTitle \">SARI_BEIGE_BOXERS<\/div><div class=\"rbsIcons\"><i class=\"fa fa-search-plus rbsZoomIcon \" ><\/i><\/div><\/div><\/div><\/div><div class=\"rbs-img  category2543 \" ><div class=\"rbs-img-image   rbs-lightbox \" ><div class=\"rbs-img-thumbs\"  data-thumbnail=\"https:\/\/www.paripari-lingerie.com\/wp-content\/uploads\/2018\/07\/SARI_BEIGE_BRA-669x1024.jpg\"  title=\"SARI_BEIGE_BRA\"  data-width=\"669\"  data-height=\"1024\" ><\/div><div class=\"rbs-img-data-popup\"  data-popup=\"https:\/\/www.paripari-lingerie.com\/wp-content\/uploads\/2018\/07\/SARI_BEIGE_BRA.jpg\"  title=\"SARI_BEIGE_BRA\" ><\/div><div class=\"thumbnail-overlay\"><div class=\"rbsTitle \">SARI_BEIGE_BRA<\/div><div class=\"rbsIcons\"><i class=\"fa fa-search-plus rbsZoomIcon \" ><\/i><\/div><\/div><\/div><\/div><div class=\"rbs-img  category2543 \" ><div class=\"rbs-img-image   rbs-lightbox \" ><div class=\"rbs-img-thumbs\"  data-thumbnail=\"https:\/\/www.paripari-lingerie.com\/wp-content\/uploads\/2018\/07\/SARI_BEIGE_BRA_CLOSE-669x1024.jpg\"  title=\"SARI_BEIGE_BRA_CLOSE\"  data-width=\"669\"  data-height=\"1024\" ><\/div><div class=\"rbs-img-data-popup\"  data-popup=\"https:\/\/www.paripari-lingerie.com\/wp-content\/uploads\/2018\/07\/SARI_BEIGE_BRA_CLOSE.jpg\"  title=\"SARI_BEIGE_BRA_CLOSE\" ><\/div><div class=\"thumbnail-overlay\"><div class=\"rbsTitle \">SARI_BEIGE_BRA_CLOSE<\/div><div class=\"rbsIcons\"><i class=\"fa fa-search-plus rbsZoomIcon \" ><\/i><\/div><\/div><\/div><\/div><div class=\"rbs-img  category2543 \" ><div class=\"rbs-img-image   rbs-lightbox \" ><div class=\"rbs-img-thumbs\"  data-thumbnail=\"https:\/\/www.paripari-lingerie.com\/wp-content\/uploads\/2018\/07\/SARI_BEIGE_STRING-669x1024.jpg\"  title=\"SARI_BEIGE_STRING\"  data-width=\"669\"  data-height=\"1024\" ><\/div><div class=\"rbs-img-data-popup\"  data-popup=\"https:\/\/www.paripari-lingerie.com\/wp-content\/uploads\/2018\/07\/SARI_BEIGE_STRING.jpg\"  title=\"SARI_BEIGE_STRING\" ><\/div><div class=\"thumbnail-overlay\"><div class=\"rbsTitle \">SARI_BEIGE_STRING<\/div><div class=\"rbsIcons\"><i class=\"fa fa-search-plus rbsZoomIcon \" ><\/i><\/div><\/div><\/div><\/div><div class=\"rbs-img  category2543 \" ><div class=\"rbs-img-image   rbs-lightbox \" ><div class=\"rbs-img-thumbs\"  data-thumbnail=\"https:\/\/www.paripari-lingerie.com\/wp-content\/uploads\/2018\/07\/SARI_BEIGE_STRING_CLOSE-669x1024.jpg\"  title=\"SARI_BEIGE_STRING_CLOSE\"  data-width=\"669\"  data-height=\"1024\" ><\/div><div class=\"rbs-img-data-popup\"  data-popup=\"https:\/\/www.paripari-lingerie.com\/wp-content\/uploads\/2018\/07\/SARI_BEIGE_STRING_CLOSE.jpg\"  title=\"SARI_BEIGE_STRING_CLOSE\" ><\/div><div class=\"thumbnail-overlay\"><div class=\"rbsTitle \">SARI_BEIGE_STRING_CLOSE<\/div><div class=\"rbsIcons\"><i class=\"fa fa-search-plus rbsZoomIcon \" ><\/i><\/div><\/div><\/div><\/div><div class=\"rbs-img  category2543 \" ><div class=\"rbs-img-image   rbs-lightbox \" ><div class=\"rbs-img-thumbs\"  data-thumbnail=\"https:\/\/www.paripari-lingerie.com\/wp-content\/uploads\/2018\/07\/SARI_BEIGE_STRING_REAR-669x1024.jpg\"  title=\"SARI_BEIGE_STRING_REAR\"  data-width=\"669\"  data-height=\"1024\" ><\/div><div class=\"rbs-img-data-popup\"  data-popup=\"https:\/\/www.paripari-lingerie.com\/wp-content\/uploads\/2018\/07\/SARI_BEIGE_STRING_REAR.jpg\"  title=\"SARI_BEIGE_STRING_REAR\" ><\/div><div class=\"thumbnail-overlay\"><div class=\"rbsTitle \">SARI_BEIGE_STRING_REAR<\/div><div class=\"rbsIcons\"><i class=\"fa fa-search-plus rbsZoomIcon \" ><\/i><\/div><\/div><\/div><\/div><div class=\"rbs-img  category2543 \" ><div class=\"rbs-img-image   rbs-lightbox \" ><div class=\"rbs-img-thumbs\"  data-thumbnail=\"https:\/\/www.paripari-lingerie.com\/wp-content\/uploads\/2018\/07\/SARI_BEIGE_STRING_CLOSE_REAR-669x1024.jpg\"  title=\"SARI_BEIGE_STRING_CLOSE_REAR\"  data-width=\"669\"  data-height=\"1024\" ><\/div><div class=\"rbs-img-data-popup\"  data-popup=\"https:\/\/www.paripari-lingerie.com\/wp-content\/uploads\/2018\/07\/SARI_BEIGE_STRING_CLOSE_REAR.jpg\"  title=\"SARI_BEIGE_STRING_CLOSE_REAR\" ><\/div><div class=\"thumbnail-overlay\"><div class=\"rbsTitle \">SARI_BEIGE_STRING_CLOSE_REAR<\/div><div class=\"rbsIcons\"><i class=\"fa fa-search-plus rbsZoomIcon \" ><\/i><\/div><\/div><\/div><\/div><div class=\"rbs-img  category2543 \" ><div class=\"rbs-img-image   rbs-lightbox \" ><div class=\"rbs-img-thumbs\"  data-thumbnail=\"https:\/\/www.paripari-lingerie.com\/wp-content\/uploads\/2018\/07\/SARI_BEIGE_BOXERS_CLOSE-669x1024.jpg\"  title=\"SARI_BEIGE_BOXERS_CLOSE\"  data-width=\"669\"  data-height=\"1024\" ><\/div><div class=\"rbs-img-data-popup\"  data-popup=\"https:\/\/www.paripari-lingerie.com\/wp-content\/uploads\/2018\/07\/SARI_BEIGE_BOXERS_CLOSE.jpg\"  title=\"SARI_BEIGE_BOXERS_CLOSE\" ><\/div><div class=\"thumbnail-overlay\"><div class=\"rbsTitle \">SARI_BEIGE_BOXERS_CLOSE<\/div><div class=\"rbsIcons\"><i class=\"fa fa-search-plus rbsZoomIcon \" ><\/i><\/div><\/div><\/div><\/div><div class=\"rbs-img  category2543 \" ><div class=\"rbs-img-image   rbs-lightbox \" ><div class=\"rbs-img-thumbs\"  data-thumbnail=\"https:\/\/www.paripari-lingerie.com\/wp-content\/uploads\/2018\/07\/SARI_BEIGE_BOXERS_CLOSE_REAR-669x1024.jpg\"  title=\"SARI_BEIGE_BOXERS_CLOSE_REAR\"  data-width=\"669\"  data-height=\"1024\" ><\/div><div class=\"rbs-img-data-popup\"  data-popup=\"https:\/\/www.paripari-lingerie.com\/wp-content\/uploads\/2018\/07\/SARI_BEIGE_BOXERS_CLOSE_REAR.jpg\"  title=\"SARI_BEIGE_BOXERS_CLOSE_REAR\" ><\/div><div class=\"thumbnail-overlay\"><div class=\"rbsTitle \">SARI_BEIGE_BOXERS_CLOSE_REAR<\/div><div class=\"rbsIcons\"><i class=\"fa fa-search-plus rbsZoomIcon \" ><\/i><\/div><\/div><\/div><\/div><div class=\"rbs-img  category2543 \" ><div class=\"rbs-img-image   rbs-lightbox \" ><div class=\"rbs-img-thumbs\"  data-thumbnail=\"https:\/\/www.paripari-lingerie.com\/wp-content\/uploads\/2018\/07\/SARI_BEIGE_BOXERS_REAR-669x1024.jpg\"  title=\"SARI_BEIGE_BOXERS_REAR\"  data-width=\"669\"  data-height=\"1024\" ><\/div><div class=\"rbs-img-data-popup\"  data-popup=\"https:\/\/www.paripari-lingerie.com\/wp-content\/uploads\/2018\/07\/SARI_BEIGE_BOXERS_REAR.jpg\"  title=\"SARI_BEIGE_BOXERS_REAR\" ><\/div><div class=\"thumbnail-overlay\"><div class=\"rbsTitle \">SARI_BEIGE_BOXERS_REAR<\/div><div class=\"rbsIcons\"><i class=\"fa fa-search-plus rbsZoomIcon \" ><\/i><\/div><\/div><\/div><\/div><div class=\"rbs-img  category2543 \" ><div class=\"rbs-img-image   rbs-lightbox \" ><div class=\"rbs-img-thumbs\"  data-thumbnail=\"https:\/\/www.paripari-lingerie.com\/wp-content\/uploads\/2018\/07\/SARI_BEIGE_FULL-669x1024.jpg\"  title=\"SARI_BEIGE_FULL\"  data-width=\"669\"  data-height=\"1024\" ><\/div><div class=\"rbs-img-data-popup\"  data-popup=\"https:\/\/www.paripari-lingerie.com\/wp-content\/uploads\/2018\/07\/SARI_BEIGE_FULL.jpg\"  title=\"SARI_BEIGE_FULL\" ><\/div><div class=\"thumbnail-overlay\"><div class=\"rbsTitle \">SARI_BEIGE_FULL<\/div><div class=\"rbsIcons\"><i class=\"fa fa-search-plus rbsZoomIcon \" ><\/i><\/div><\/div><\/div><\/div><div class=\"rbs-img  category2543 \" ><div class=\"rbs-img-image   rbs-lightbox \" ><div class=\"rbs-img-thumbs\"  data-thumbnail=\"https:\/\/www.paripari-lingerie.com\/wp-content\/uploads\/2018\/07\/SARI_BEIGE_FULL_CLOSE-669x1024.jpg\"  title=\"SARI_BEIGE_FULL_CLOSE\"  data-width=\"669\"  data-height=\"1024\" ><\/div><div class=\"rbs-img-data-popup\"  data-popup=\"https:\/\/www.paripari-lingerie.com\/wp-content\/uploads\/2018\/07\/SARI_BEIGE_FULL_CLOSE.jpg\"  title=\"SARI_BEIGE_FULL_CLOSE\" ><\/div><div class=\"thumbnail-overlay\"><div class=\"rbsTitle \">SARI_BEIGE_FULL_CLOSE<\/div><div class=\"rbsIcons\"><i class=\"fa fa-search-plus rbsZoomIcon \" ><\/i><\/div><\/div><\/div><\/div><div class=\"rbs-img  category2543 \" ><div class=\"rbs-img-image   rbs-lightbox \" ><div class=\"rbs-img-thumbs\"  data-thumbnail=\"https:\/\/www.paripari-lingerie.com\/wp-content\/uploads\/2018\/07\/SARI_BEIGE_FULL_REAR-669x1024.jpg\"  title=\"SARI_BEIGE_FULL_REAR\"  data-width=\"669\"  data-height=\"1024\" ><\/div><div class=\"rbs-img-data-popup\"  data-popup=\"https:\/\/www.paripari-lingerie.com\/wp-content\/uploads\/2018\/07\/SARI_BEIGE_FULL_REAR.jpg\"  title=\"SARI_BEIGE_FULL_REAR\" ><\/div><div class=\"thumbnail-overlay\"><div class=\"rbsTitle \">SARI_BEIGE_FULL_REAR<\/div><div class=\"rbsIcons\"><i class=\"fa fa-search-plus rbsZoomIcon \" ><\/i><\/div><\/div><\/div><\/div><div class=\"rbs-img  category2543 \" ><div class=\"rbs-img-image   rbs-lightbox \" ><div class=\"rbs-img-thumbs\"  data-thumbnail=\"https:\/\/www.paripari-lingerie.com\/wp-content\/uploads\/2018\/07\/SARI_BEIGE_FULL_CLOSE_REAR-669x1024.jpg\"  title=\"SARI_BEIGE_FULL_CLOSE_REAR\"  data-width=\"669\"  data-height=\"1024\" ><\/div><div class=\"rbs-img-data-popup\"  data-popup=\"https:\/\/www.paripari-lingerie.com\/wp-content\/uploads\/2018\/07\/SARI_BEIGE_FULL_CLOSE_REAR.jpg\"  title=\"SARI_BEIGE_FULL_CLOSE_REAR\" ><\/div><div class=\"thumbnail-overlay\"><div class=\"rbsTitle \">SARI_BEIGE_FULL_CLOSE_REAR<\/div><div class=\"rbsIcons\"><i class=\"fa fa-search-plus rbsZoomIcon \" ><\/i><\/div><\/div><\/div><\/div><\/div><\/div><\/div><script>var rbs_gallery_69e35585841bc = {\"version\":\"5.1.4\",\"id\":2543,\"class\":\"id2543\",\"roboGalleryDelay\":1000,\"mainContainer\":\"#robo_gallery_main_block_rbs_gallery_69e35585841bc\",\"loadingContainer\":\"#rbs_gallery_69e35585841bc-block-loader\",\"loadingContainerObj\":\"rbs_gallery_69e35585841bc-block-loader\",\"columnWidth\":\"auto\",\"columns\":3,\"resolutions\":[{\"columnWidth\":\"auto\",\"columns\":3,\"maxWidth\":960},{\"columnWidth\":\"auto\",\"columns\":2,\"maxWidth\":650},{\"columnWidth\":\"auto\",\"columns\":1,\"maxWidth\":450}],\"lightboxOptions\":{\"gallery\":{\"enabled\":true,\"tCounter\":\"%curr% of %total%\"}},\"overlayEffect\":\"direction-aware-fade\",\"boxesToLoadStart\":12,\"boxesToLoad\":8,\"waitUntilThumbLoads\":1,\"LoadingWord\":\"Loading...\",\"loadMoreWord\":\"Load More\",\"noMoreEntriesWord\":\"No More Entries\",\"horizontalSpaceBetweenBoxes\":15,\"verticalSpaceBetweenBoxes\":15,\"lazyLoad\":0,\"wrapContainer\":\"#robo-gallery-wrap-rbs_gallery_69e35585841bc\"};<\/script><\/p>\n<p><p><a href=\"\/sizes-table\">Tabela de tamanhos de <strong>lingerie PariPari<\/strong><\/a><br \/>\n<\/p><br \/>\n<p><\/p>\n<table class=\"sizeTable\">\n<tbody>\n<tr>\n<td><b>SUTI\u00c3 SOFT<\/b><br \/>\n65 CDEFGH<br \/>\n70 BCDEFG<br \/>\n75 ABCDEF<br \/>\n80 ABCDE<br \/>\n85 ABCD<br \/>\n90 BC<br \/>\n95 B<\/td>\n<\/tr>\n<\/tbody>\n<\/table>\n<p><\/p><br \/>\n<p><\/p>\n<table class=\"sizeTable\">\n<tbody>\n<tr>\n<td><b>CALCINHAS CL\u00c1SSICAS<\/b><br \/>\nS, M, L, XL, XXL<\/td>\n<td><b>CALCINHAS FIO DENTAL<\/b><br \/>\nS, M, L, XL, XXL<\/td>\n<td><b>CALCINHAS BOXER<\/b><br \/>\nS, M, L, XL, XXL<\/td>\n<\/tr>\n<\/tbody>\n<\/table>\n<p><\/p><\/p>\n<p><p><\/p>\n<div style=\"display: flex; align-items: center; gap: 15px; margin-top: 20px; width: 100%;\">\n    <img decoding=\"async\" src=\"https:\/\/www.paripari-lingerie.com\/wp-content\/uploads\/2024\/10\/handshake_icon.png\" alt=\"\u00cdcone de colabora\u00e7\u00e3o\" style=\"width: 50px; height: auto;\"\/><\/p>\n<div>\n        <b>Est\u00e1 interessado em colaborar conosco e tornar-se um distribuidor de lingerie PariPari?<br \/>\n        <a href=\"https:\/\/www.paripari-lingerie.com\/cooperation-resell-paripari-lingerie-and-build-your-success-with-our-brand\/\">Encontre mais informa\u00e7\u00f5es aqui<\/a>, entre em contato conosco \u2013 estamos ansiosos para ouvir de voc\u00ea!<\/b>\n    <\/div>\n<\/div>\n<p><\/p><br \/>\n<\/p>","protected":false},"excerpt":{"rendered":"","protected":false},"author":1,"featured_media":0,"parent":1564,"menu_order":26,"comment_status":"closed","ping_status":"closed","template":"","meta":{"footnotes":""},"class_list":["post-2542","page","type-page","status-publish","czr-hentry"],"_links":{"self":[{"href":"https:\/\/www.paripari-lingerie.com\/pt\/wp-json\/wp\/v2\/pages\/2542","targetHints":{"allow":["GET"]}}],"collection":[{"href":"https:\/\/www.paripari-lingerie.com\/pt\/wp-json\/wp\/v2\/pages"}],"about":[{"href":"https:\/\/www.paripari-lingerie.com\/pt\/wp-json\/wp\/v2\/types\/page"}],"author":[{"embeddable":true,"href":"https:\/\/www.paripari-lingerie.com\/pt\/wp-json\/wp\/v2\/users\/1"}],"replies":[{"embeddable":true,"href":"https:\/\/www.paripari-lingerie.com\/pt\/wp-json\/wp\/v2\/comments?post=2542"}],"version-history":[{"count":6,"href":"https:\/\/www.paripari-lingerie.com\/pt\/wp-json\/wp\/v2\/pages\/2542\/revisions"}],"predecessor-version":[{"id":3798,"href":"https:\/\/www.paripari-lingerie.com\/pt\/wp-json\/wp\/v2\/pages\/2542\/revisions\/3798"}],"up":[{"embeddable":true,"href":"https:\/\/www.paripari-lingerie.com\/pt\/wp-json\/wp\/v2\/pages\/1564"}],"wp:attachment":[{"href":"https:\/\/www.paripari-lingerie.com\/pt\/wp-json\/wp\/v2\/media?parent=2542"}],"curies":[{"name":"wp","href":"https:\/\/api.w.org\/{rel}","templated":true}]}}