{"id":2928,"date":"2021-11-30T19:58:24","date_gmt":"2021-11-30T18:58:24","guid":{"rendered":"https:\/\/www.paripari-lingerie.com\/?page_id=2928"},"modified":"2024-09-30T12:12:11","modified_gmt":"2024-09-30T11:12:11","slug":"where-to-buy-paripari-lingerie","status":"publish","type":"page","link":"https:\/\/www.paripari-lingerie.com\/pt\/where-to-buy-paripari-lingerie\/","title":{"rendered":"Onde comprar lingerie PariPari"},"content":{"rendered":"<p><img loading=\"lazy\" decoding=\"async\" class=\"alignleft wp-image-2940\" src=\"https:\/\/www.paripari-lingerie.com\/wp-content\/uploads\/2021\/11\/where-to-buy-image-239x300.jpg\" alt=\"\" width=\"300\" height=\"377\" srcset=\"https:\/\/www.paripari-lingerie.com\/wp-content\/uploads\/2021\/11\/where-to-buy-image-239x300.jpg 239w, https:\/\/www.paripari-lingerie.com\/wp-content\/uploads\/2021\/11\/where-to-buy-image-768x966.jpg 768w, https:\/\/www.paripari-lingerie.com\/wp-content\/uploads\/2021\/11\/where-to-buy-image.jpg 800w\" sizes=\"auto, (max-width: 300px) 100vw, 300px\" \/>Ficamos muito satisfeitos por saber que voc\u00ea est\u00e1 interessado em onde comprar nossa lingerie, e agradecemos imensamente.<\/p>\n<p>No entanto, n\u00e3o realizamos vendas a varejo nem possu\u00edmos nossa pr\u00f3pria loja online, pois nos dedicamos ao design, produ\u00e7\u00e3o e distribui\u00e7\u00e3o por atacado da lingerie PariPari.<\/p>\n<p>Trabalhamos, no entanto, com muitas empresas especializadas na venda a varejo de lingerie feminina, verdadeiros profissionais nessa \u00e1rea. Convidamos voc\u00ea a escolher o varejista que melhor atenda \u00e0s suas prefer\u00eancias de compra, e podemos garantir que, onde quer que compre lingerie PariPari, ficar\u00e1 completamente satisfeito(a).<\/p>\n<p>Para facilitar, inclu\u00edmos um link abaixo que leva aos resultados do maior mecanismo de busca, mostrando as ofertas online atuais de nossa lingerie \u2013 boas compras\u00a0!<\/p>\n<p><a href=\"https:\/\/www.paripari-lingerie.com\/linkRedirect.php?linkID=7&amp;utm_campaign=pageWhereToBuyPT\" target=\"_blank\" rel=\"noopener\">https:\/\/www.google.pt\/search?q=PariPari+lingerie<\/a><\/p>\n<p>Se estiver interessado(a) em uma parceria comercial para vender nossa lingerie, <a href=\"https:\/\/www.paripari-lingerie.com\/cooperation-resell-paripari-lingerie-and-build-your-success-with-our-brand\/\">convidamos voc\u00ea a colaborar conosco (clique aqui)<\/a>.<\/p>\n<p>E se a sua loja de lingerie favorita ainda n\u00e3o oferece produtos PariPari e voc\u00ea acha que est\u00e1 na hora de mudar isso, por favor, informe-nos.<\/p>","protected":false},"excerpt":{"rendered":"<p>Ficamos muito satisfeitos por saber que voc\u00ea est\u00e1 interessado em onde comprar nossa lingerie, e agradecemos imensamente. No entanto, n\u00e3o realizamos vendas a varejo nem possu\u00edmos nossa pr\u00f3pria loja online, pois nos dedicamos ao design, produ\u00e7\u00e3o e distribui\u00e7\u00e3o por atacado da lingerie PariPari. Trabalhamos, no entanto, com muitas empresas especializadas na venda a varejo de [&hellip;]<\/p>\n","protected":false},"author":1,"featured_media":0,"parent":0,"menu_order":0,"comment_status":"closed","ping_status":"closed","template":"","meta":{"footnotes":""},"class_list":["post-2928","page","type-page","status-publish","czr-hentry"],"_links":{"self":[{"href":"https:\/\/www.paripari-lingerie.com\/pt\/wp-json\/wp\/v2\/pages\/2928","targetHints":{"allow":["GET"]}}],"collection":[{"href":"https:\/\/www.paripari-lingerie.com\/pt\/wp-json\/wp\/v2\/pages"}],"about":[{"href":"https:\/\/www.paripari-lingerie.com\/pt\/wp-json\/wp\/v2\/types\/page"}],"author":[{"embeddable":true,"href":"https:\/\/www.paripari-lingerie.com\/pt\/wp-json\/wp\/v2\/users\/1"}],"replies":[{"embeddable":true,"href":"https:\/\/www.paripari-lingerie.com\/pt\/wp-json\/wp\/v2\/comments?post=2928"}],"version-history":[{"count":23,"href":"https:\/\/www.paripari-lingerie.com\/pt\/wp-json\/wp\/v2\/pages\/2928\/revisions"}],"predecessor-version":[{"id":3473,"href":"https:\/\/www.paripari-lingerie.com\/pt\/wp-json\/wp\/v2\/pages\/2928\/revisions\/3473"}],"wp:attachment":[{"href":"https:\/\/www.paripari-lingerie.com\/pt\/wp-json\/wp\/v2\/media?parent=2928"}],"curies":[{"name":"wp","href":"https:\/\/api.w.org\/{rel}","templated":true}]}}