{"id":3094,"date":"2022-10-28T12:20:51","date_gmt":"2022-10-28T11:20:51","guid":{"rendered":"https:\/\/www.paripari-lingerie.com\/?page_id=3094"},"modified":"2024-12-20T12:14:33","modified_gmt":"2024-12-20T11:14:33","slug":"katia-red","status":"publish","type":"page","link":"https:\/\/www.paripari-lingerie.com\/pt\/collection\/katia-red\/","title":{"rendered":"KATIA VERMELHA"},"content":{"rendered":"<p><br \/>\n<\/p>\n<p style=\"text-align: center;\"><style type=\"text\/css\" scoped>.rbs_gallery_69e357bf660ecSpinner{\r\n\t\t\t\tmargin: 50px auto;\r\n\t\t\t\twidth: 50px;\r\n\t\t\t\theight: 40px;\r\n\t\t\t\ttext-align: center;\r\n\t\t\t\tfont-size: 10px;\r\n\t\t\t}\r\n\t\t\t.rbs_gallery_69e357bf660ecSpinner > div{\r\n\t\t\t  background-color: #333;\r\n\t\t\t  height: 100%;\r\n\t\t\t  width: 6px;\r\n\t\t\t  display: inline-block;\r\n\t\t\t  -webkit-animation: rbs_gallery_69e357bf660ec-stretchdelay 1.2s infinite ease-in-out;\r\n\t\t\t  animation: rbs_gallery_69e357bf660ec-stretchdelay 1.2s infinite ease-in-out;\r\n\t\t\t}\r\n\t\t\t.rbs_gallery_69e357bf660ecSpinner .rbs_gallery_69e357bf660ecRect2 {\r\n\t\t\t  -webkit-animation-delay: -1.1s;\r\n\t\t\t  animation-delay: -1.1s;\r\n\t\t\t}\r\n\t\t\t.rbs_gallery_69e357bf660ecSpinner .rbs_gallery_69e357bf660ecRect3 {\r\n\t\t\t  -webkit-animation-delay: -1.0s;\r\n\t\t\t  animation-delay: -1.0s;\r\n\t\t\t}\r\n\t\t\t.rbs_gallery_69e357bf660ecSpinner .rbs_gallery_69e357bf660ecRect4 {\r\n\t\t\t  -webkit-animation-delay: -0.9s;\r\n\t\t\t  animation-delay: -0.9s;\r\n\t\t\t}\r\n\t\t\t.rbs_gallery_69e357bf660ecSpinner .rbs_gallery_69e357bf660ecRect5 {\r\n\t\t\t  -webkit-animation-delay: -0.8s;\r\n\t\t\t  animation-delay: -0.8s;\r\n\t\t\t}\r\n\t\t\t@-webkit-keyframes rbs_gallery_69e357bf660ec-stretchdelay {\r\n\t\t\t  0%, 40%, 100% { -webkit-transform: scaleY(0.4) }  \r\n\t\t\t  20% { -webkit-transform: scaleY(1.0) }\r\n\t\t\t}\r\n\t\t\t@keyframes rbs_gallery_69e357bf660ec-stretchdelay {\r\n\t\t\t  0%, 40%, 100% { \r\n\t\t\t    transform: scaleY(0.4);\r\n\t\t\t    -webkit-transform: scaleY(0.4);\r\n\t\t\t  }  20% { \r\n\t\t\t    transform: scaleY(1.0);\r\n\t\t\t    -webkit-transform: scaleY(1.0);\r\n\t\t\t  }\r\n\t\t\t}\r\n\t\t<\/style><div class=\"robo-gallery-wrap robo-gallery-wrap-id3085 robo-gallery-\" ><div id=\"rbs_gallery_69e357bf660ec-block-loader\" class=\"rbs_gallery_69e357bf660ecSpinner\"><div class=\"rbs_gallery_69e357bf660ecRect1\"><\/div> <div class=\"rbs_gallery_69e357bf660ecRect2\"><\/div> <div class=\"rbs_gallery_69e357bf660ecRect3\"><\/div> <div class=\"rbs_gallery_69e357bf660ecRect4\"><\/div> <div class=\"rbs_gallery_69e357bf660ecRect5\"><\/div><\/div><div class=\"rbs_gallery_button  rbs_gallery_align_left\" id=\"rbs_gallery_69e357bf660ecfilter\" style=\" display: none;\" ><a class=\"button button-border-caution  \" href=\"#\" data-filter=\"*\">All<\/a><\/div><div id=\"robo_gallery_main_block_rbs_gallery_69e357bf660ec\" class=\"robogallery-gallery-3085\" style=\"width:100%;  display: none;\"><div id=\"rbs_gallery_69e357bf660ec\" data-options=\"rbs_gallery_69e357bf660ec\" style=\"width:100%;\" class=\"robo_gallery  \"><div class=\"rbs-img  category3085 \" ><div class=\"rbs-img-image   rbs-lightbox \" ><div class=\"rbs-img-thumbs\"  data-thumbnail=\"https:\/\/www.paripari-lingerie.com\/wp-content\/uploads\/2022\/10\/KATIA-RED-SHIRT-FRONT-683x1024.jpg\"  title=\"KATIA RED SHIRT FRONT\"  data-width=\"683\"  data-height=\"1024\" ><\/div><div class=\"rbs-img-data-popup\"  data-popup=\"https:\/\/www.paripari-lingerie.com\/wp-content\/uploads\/2022\/10\/KATIA-RED-SHIRT-FRONT.jpg\"  title=\"KATIA RED SHIRT FRONT\" ><\/div><div class=\"thumbnail-overlay\"><div class=\"rbsTitle \">KATIA RED SHIRT FRONT<\/div><div class=\"rbsIcons\"><i class=\"fa fa-search-plus rbsZoomIcon \" ><\/i><\/div><\/div><\/div><\/div><div class=\"rbs-img  category3085 \" ><div class=\"rbs-img-image   rbs-lightbox \" ><div class=\"rbs-img-thumbs\"  data-thumbnail=\"https:\/\/www.paripari-lingerie.com\/wp-content\/uploads\/2022\/10\/KATIA-RED-SHIRT-REAR-683x1024.jpg\"  title=\"KATIA RED SHIRT REAR\"  data-width=\"683\"  data-height=\"1024\" ><\/div><div class=\"rbs-img-data-popup\"  data-popup=\"https:\/\/www.paripari-lingerie.com\/wp-content\/uploads\/2022\/10\/KATIA-RED-SHIRT-REAR.jpg\"  title=\"KATIA RED SHIRT REAR\" ><\/div><div class=\"thumbnail-overlay\"><div class=\"rbsTitle \">KATIA RED SHIRT REAR<\/div><div class=\"rbsIcons\"><i class=\"fa fa-search-plus rbsZoomIcon \" ><\/i><\/div><\/div><\/div><\/div><div class=\"rbs-img  category3085 \" ><div class=\"rbs-img-image   rbs-lightbox \" ><div class=\"rbs-img-thumbs\"  data-thumbnail=\"https:\/\/www.paripari-lingerie.com\/wp-content\/uploads\/2022\/10\/KATIA-RED-PUSH-UP-and-BOXERS-FRONT-683x1024.jpg\"  title=\"KATIA RED PUSH-UP and BOXERS FRONT\"  data-width=\"683\"  data-height=\"1024\" ><\/div><div class=\"rbs-img-data-popup\"  data-popup=\"https:\/\/www.paripari-lingerie.com\/wp-content\/uploads\/2022\/10\/KATIA-RED-PUSH-UP-and-BOXERS-FRONT.jpg\"  title=\"KATIA RED PUSH-UP and BOXERS FRONT\" ><\/div><div class=\"thumbnail-overlay\"><div class=\"rbsTitle \">KATIA RED PUSH-UP and BOXERS FRONT<\/div><div class=\"rbsIcons\"><i class=\"fa fa-search-plus rbsZoomIcon \" ><\/i><\/div><\/div><\/div><\/div><div class=\"rbs-img  category3085 \" ><div class=\"rbs-img-image   rbs-lightbox \" ><div class=\"rbs-img-thumbs\"  data-thumbnail=\"https:\/\/www.paripari-lingerie.com\/wp-content\/uploads\/2022\/10\/KATIA-RED-PUSH-UP-and-BOXERS-REAR-683x1024.jpg\"  title=\"KATIA RED PUSH-UP and BOXERS REAR\"  data-width=\"683\"  data-height=\"1024\" ><\/div><div class=\"rbs-img-data-popup\"  data-popup=\"https:\/\/www.paripari-lingerie.com\/wp-content\/uploads\/2022\/10\/KATIA-RED-PUSH-UP-and-BOXERS-REAR.jpg\"  title=\"KATIA RED PUSH-UP and BOXERS REAR\" ><\/div><div class=\"thumbnail-overlay\"><div class=\"rbsTitle \">KATIA RED PUSH-UP and BOXERS REAR<\/div><div class=\"rbsIcons\"><i class=\"fa fa-search-plus rbsZoomIcon \" ><\/i><\/div><\/div><\/div><\/div><div class=\"rbs-img  category3085 \" ><div class=\"rbs-img-image   rbs-lightbox \" ><div class=\"rbs-img-thumbs\"  data-thumbnail=\"https:\/\/www.paripari-lingerie.com\/wp-content\/uploads\/2022\/10\/KATIA-RED-PUSH-UP-and-FULL-FRONT-683x1024.jpg\"  title=\"KATIA RED PUSH-UP and FULL FRONT\"  data-width=\"683\"  data-height=\"1024\" ><\/div><div class=\"rbs-img-data-popup\"  data-popup=\"https:\/\/www.paripari-lingerie.com\/wp-content\/uploads\/2022\/10\/KATIA-RED-PUSH-UP-and-FULL-FRONT.jpg\"  title=\"KATIA RED PUSH-UP and FULL FRONT\" ><\/div><div class=\"thumbnail-overlay\"><div class=\"rbsTitle \">KATIA RED PUSH-UP and FULL FRONT<\/div><div class=\"rbsIcons\"><i class=\"fa fa-search-plus rbsZoomIcon \" ><\/i><\/div><\/div><\/div><\/div><div class=\"rbs-img  category3085 \" ><div class=\"rbs-img-image   rbs-lightbox \" ><div class=\"rbs-img-thumbs\"  data-thumbnail=\"https:\/\/www.paripari-lingerie.com\/wp-content\/uploads\/2022\/10\/KATIA-RED-PUSH-UP-and-FULL-REAR-696x1024.jpg\"  title=\"KATIA RED PUSH-UP and FULL REAR\"  data-width=\"696\"  data-height=\"1024\" ><\/div><div class=\"rbs-img-data-popup\"  data-popup=\"https:\/\/www.paripari-lingerie.com\/wp-content\/uploads\/2022\/10\/KATIA-RED-PUSH-UP-and-FULL-REAR.jpg\"  title=\"KATIA RED PUSH-UP and FULL REAR\" ><\/div><div class=\"thumbnail-overlay\"><div class=\"rbsTitle \">KATIA RED PUSH-UP and FULL REAR<\/div><div class=\"rbsIcons\"><i class=\"fa fa-search-plus rbsZoomIcon \" ><\/i><\/div><\/div><\/div><\/div><div class=\"rbs-img  category3085 \" ><div class=\"rbs-img-image   rbs-lightbox \" ><div class=\"rbs-img-thumbs\"  data-thumbnail=\"https:\/\/www.paripari-lingerie.com\/wp-content\/uploads\/2022\/10\/KATIA-RED-PUSH-UP-and-STRING-FRONT-683x1024.jpg\"  title=\"KATIA RED PUSH-UP and STRING FRONT\"  data-width=\"683\"  data-height=\"1024\" ><\/div><div class=\"rbs-img-data-popup\"  data-popup=\"https:\/\/www.paripari-lingerie.com\/wp-content\/uploads\/2022\/10\/KATIA-RED-PUSH-UP-and-STRING-FRONT.jpg\"  title=\"KATIA RED PUSH-UP and STRING FRONT\" ><\/div><div class=\"thumbnail-overlay\"><div class=\"rbsTitle \">KATIA RED PUSH-UP and STRING FRONT<\/div><div class=\"rbsIcons\"><i class=\"fa fa-search-plus rbsZoomIcon \" ><\/i><\/div><\/div><\/div><\/div><div class=\"rbs-img  category3085 \" ><div class=\"rbs-img-image   rbs-lightbox \" ><div class=\"rbs-img-thumbs\"  data-thumbnail=\"https:\/\/www.paripari-lingerie.com\/wp-content\/uploads\/2022\/10\/KATIA-RED-PUSH-UP-and-STRING-REAR-683x1024.jpg\"  title=\"KATIA RED PUSH-UP and STRING REAR\"  data-width=\"683\"  data-height=\"1024\" ><\/div><div class=\"rbs-img-data-popup\"  data-popup=\"https:\/\/www.paripari-lingerie.com\/wp-content\/uploads\/2022\/10\/KATIA-RED-PUSH-UP-and-STRING-REAR.jpg\"  title=\"KATIA RED PUSH-UP and STRING REAR\" ><\/div><div class=\"thumbnail-overlay\"><div class=\"rbsTitle \">KATIA RED PUSH-UP and STRING REAR<\/div><div class=\"rbsIcons\"><i class=\"fa fa-search-plus rbsZoomIcon \" ><\/i><\/div><\/div><\/div><\/div><\/div><\/div><\/div><script>var rbs_gallery_69e357bf660ec = {\"version\":\"5.1.4\",\"id\":3085,\"class\":\"id3085\",\"roboGalleryDelay\":1000,\"mainContainer\":\"#robo_gallery_main_block_rbs_gallery_69e357bf660ec\",\"loadingContainer\":\"#rbs_gallery_69e357bf660ec-block-loader\",\"loadingContainerObj\":\"rbs_gallery_69e357bf660ec-block-loader\",\"columnWidth\":\"auto\",\"columns\":3,\"resolutions\":[{\"columnWidth\":\"auto\",\"columns\":3,\"maxWidth\":960},{\"columnWidth\":\"auto\",\"columns\":2,\"maxWidth\":650},{\"columnWidth\":\"auto\",\"columns\":1,\"maxWidth\":450}],\"lightboxOptions\":{\"gallery\":{\"enabled\":true,\"tCounter\":\"%curr% of %total%\"}},\"overlayEffect\":\"direction-aware-fade\",\"boxesToLoadStart\":12,\"boxesToLoad\":8,\"waitUntilThumbLoads\":1,\"LoadingWord\":\"Loading...\",\"loadMoreWord\":\"Load More\",\"noMoreEntriesWord\":\"No More Entries\",\"horizontalSpaceBetweenBoxes\":15,\"verticalSpaceBetweenBoxes\":15,\"lazyLoad\":1,\"wrapContainer\":\"#robo-gallery-wrap-rbs_gallery_69e357bf660ec\",\"filterContainer\":\"#rbs_gallery_69e357bf660ecfilter\",\"loadMoreClass\":\"button-border-caution \"};<\/script><\/p>\n<p><p><b>Suti\u00e3 Push-Up Katia<\/b> \u00e9 um suti\u00e3 sensual e elegante que modela perfeitamente o busto. As ta\u00e7as acolchoadas, cobertas com um delicado renda floral, destacam os seios de forma sedutora, dando-lhes uma forma arredondada gra\u00e7as aos cortes diagonais e \u00e0s hastes. Bordados elegantes adornam as ta\u00e7as, enquanto o enchimento remov\u00edvel permite ajustar o realce do busto. O suti\u00e3 possui al\u00e7as ajust\u00e1veis e remov\u00edveis, com fecho traseiro de dois ou tr\u00eas ganchos, dependendo do tamanho, e ajuste de tr\u00eas n\u00edveis. A parte de tr\u00e1s lisa e uniforme garante conforto, enquanto a faixa de renda adiciona um toque de sofistica\u00e7\u00e3o. Uma escolha ideal para o dia a dia e ocasi\u00f5es especiais, mesmo com decotes profundos.<\/p>\n<p>Os seguintes itens da cole\u00e7\u00e3o Katia combinam perfeitamente:<\/p>\n<ul>\n<li><b>Calcinha Full Katia<\/b>: Uma combina\u00e7\u00e3o delicada e confort\u00e1vel de microfibra com renda que destaca sutilmente a feminilidade. O corte confort\u00e1vel modela suavemente o abd\u00f4men e os gl\u00fateos, garantindo liberdade de movimento. La\u00e7os decorativos adicionam um toque charmoso.<\/li>\n<li><b>String Katia<\/b>: Uma combina\u00e7\u00e3o perfeita de microfibra e renda que destaca as curvas femininas. Sensual e elegante, ideal para o dia a dia ou momentos especiais.<\/li>\n<li><b>Boxer Katia<\/b>: Um design cl\u00e1ssico combinado com renda rica cria um duo irresist\u00edvel. Esses boxers envolvem delicadamente o corpo, oferecendo um visual elegante e conforto.<\/li>\n<li><b>Camisola Katia<\/b>: Esta camisola sutil combina tecido liso e uniforme com elegante renda. As ta\u00e7as decoradas com renda floral criam um decote sensual que atrai olhares. Perfeita para noites especiais, destaca a beleza da silhueta, oferecendo conforto e eleg\u00e2ncia.<\/li>\n<\/ul>\n<p>O conjunto completo cria uma linha de lingerie harmoniosa e sofisticada que combina conforto e sensualidade, destacando a beleza da figura feminina.<\/p>\n<p><\/p><br \/>\n<p><\/p>\n<table class=\"sizeTable\">\n<tbody>\n<tr>\n<td><b>SUTI\u00c3 PUSH-UP<\/b><br \/>\n65 CDEFGH<br \/>\n70 BCDEFG<br \/>\n75 ABCDEFGH<br \/>\n80 ABCDEFG<br \/>\n85 ABCDEF<br \/>\n90 BCDE<br \/>\n95 BCD<br \/>\n100 BC<br \/>\n105 B<\/td>\n<\/tr>\n<\/tbody>\n<\/table>\n<p><\/p><\/p>\n<p><\/p>\n<table class=\"sizeTable\">\n<tbody>\n<tr>\n<td><b>CALCINHAS CL\u00c1SSICAS<\/b><br \/>\nS, M, L, XL, XXL<\/td>\n<td><b>FIO DENTAL<\/b><br \/>\nS, M, L, XL, XXL<\/td>\n<td><b>BOXER<\/b><br \/>\nS, M, L, XL, XXL<\/td>\n<\/tr>\n<\/tbody>\n<\/table>\n<p><\/p>\n<p><\/p>\n<table class=\"sizeTable\">\n<tbody>\n<tr>\n<td><b>CAMISOLA<\/b><br \/>\nS, M, L, XL, XXL<\/td>\n<\/tr>\n<\/tbody>\n<\/table>\n<p><\/p>\n<p><p><\/p>\n<div style=\"display: flex; align-items: center; gap: 15px; margin-top: 20px; width: 100%;\">\n    <img decoding=\"async\" src=\"https:\/\/www.paripari-lingerie.com\/wp-content\/uploads\/2024\/10\/handshake_icon.png\" alt=\"\u00cdcone de colabora\u00e7\u00e3o\" style=\"width: 50px; height: auto;\"\/><\/p>\n<div>\n        <b>Est\u00e1 interessado em colaborar conosco e tornar-se um distribuidor de lingerie PariPari?<br \/>\n        <a href=\"https:\/\/www.paripari-lingerie.com\/cooperation-resell-paripari-lingerie-and-build-your-success-with-our-brand\/\">Encontre mais informa\u00e7\u00f5es aqui<\/a>, entre em contato conosco \u2013 estamos ansiosos para ouvir de voc\u00ea!<\/b>\n    <\/div>\n<\/div>\n<p><\/p><br \/>\n<\/p>","protected":false},"excerpt":{"rendered":"","protected":false},"author":1,"featured_media":0,"parent":1564,"menu_order":21,"comment_status":"closed","ping_status":"closed","template":"","meta":{"footnotes":""},"class_list":["post-3094","page","type-page","status-publish","czr-hentry"],"_links":{"self":[{"href":"https:\/\/www.paripari-lingerie.com\/pt\/wp-json\/wp\/v2\/pages\/3094","targetHints":{"allow":["GET"]}}],"collection":[{"href":"https:\/\/www.paripari-lingerie.com\/pt\/wp-json\/wp\/v2\/pages"}],"about":[{"href":"https:\/\/www.paripari-lingerie.com\/pt\/wp-json\/wp\/v2\/types\/page"}],"author":[{"embeddable":true,"href":"https:\/\/www.paripari-lingerie.com\/pt\/wp-json\/wp\/v2\/users\/1"}],"replies":[{"embeddable":true,"href":"https:\/\/www.paripari-lingerie.com\/pt\/wp-json\/wp\/v2\/comments?post=3094"}],"version-history":[{"count":4,"href":"https:\/\/www.paripari-lingerie.com\/pt\/wp-json\/wp\/v2\/pages\/3094\/revisions"}],"predecessor-version":[{"id":3791,"href":"https:\/\/www.paripari-lingerie.com\/pt\/wp-json\/wp\/v2\/pages\/3094\/revisions\/3791"}],"up":[{"embeddable":true,"href":"https:\/\/www.paripari-lingerie.com\/pt\/wp-json\/wp\/v2\/pages\/1564"}],"wp:attachment":[{"href":"https:\/\/www.paripari-lingerie.com\/pt\/wp-json\/wp\/v2\/media?parent=3094"}],"curies":[{"name":"wp","href":"https:\/\/api.w.org\/{rel}","templated":true}]}}