{"id":3245,"date":"2023-12-14T17:21:47","date_gmt":"2023-12-14T16:21:47","guid":{"rendered":"https:\/\/www.paripari-lingerie.com\/?page_id=3245"},"modified":"2024-12-20T11:59:21","modified_gmt":"2024-12-20T10:59:21","slug":"cynthia-black","status":"publish","type":"page","link":"https:\/\/www.paripari-lingerie.com\/pt\/collection\/cynthia-black\/","title":{"rendered":"CYNTHIA PRETA"},"content":{"rendered":"<p><br \/>\n<\/p>\n<p style=\"text-align: center;\"><style type=\"text\/css\" scoped>.rbs_gallery_69e36b1e2340dSpinner{\r\n\t\t\t\tmargin: 50px auto;\r\n\t\t\t\twidth: 50px;\r\n\t\t\t\theight: 40px;\r\n\t\t\t\ttext-align: center;\r\n\t\t\t\tfont-size: 10px;\r\n\t\t\t}\r\n\t\t\t.rbs_gallery_69e36b1e2340dSpinner > div{\r\n\t\t\t  background-color: #333;\r\n\t\t\t  height: 100%;\r\n\t\t\t  width: 6px;\r\n\t\t\t  display: inline-block;\r\n\t\t\t  -webkit-animation: rbs_gallery_69e36b1e2340d-stretchdelay 1.2s infinite ease-in-out;\r\n\t\t\t  animation: rbs_gallery_69e36b1e2340d-stretchdelay 1.2s infinite ease-in-out;\r\n\t\t\t}\r\n\t\t\t.rbs_gallery_69e36b1e2340dSpinner .rbs_gallery_69e36b1e2340dRect2 {\r\n\t\t\t  -webkit-animation-delay: -1.1s;\r\n\t\t\t  animation-delay: -1.1s;\r\n\t\t\t}\r\n\t\t\t.rbs_gallery_69e36b1e2340dSpinner .rbs_gallery_69e36b1e2340dRect3 {\r\n\t\t\t  -webkit-animation-delay: -1.0s;\r\n\t\t\t  animation-delay: -1.0s;\r\n\t\t\t}\r\n\t\t\t.rbs_gallery_69e36b1e2340dSpinner .rbs_gallery_69e36b1e2340dRect4 {\r\n\t\t\t  -webkit-animation-delay: -0.9s;\r\n\t\t\t  animation-delay: -0.9s;\r\n\t\t\t}\r\n\t\t\t.rbs_gallery_69e36b1e2340dSpinner .rbs_gallery_69e36b1e2340dRect5 {\r\n\t\t\t  -webkit-animation-delay: -0.8s;\r\n\t\t\t  animation-delay: -0.8s;\r\n\t\t\t}\r\n\t\t\t@-webkit-keyframes rbs_gallery_69e36b1e2340d-stretchdelay {\r\n\t\t\t  0%, 40%, 100% { -webkit-transform: scaleY(0.4) }  \r\n\t\t\t  20% { -webkit-transform: scaleY(1.0) }\r\n\t\t\t}\r\n\t\t\t@keyframes rbs_gallery_69e36b1e2340d-stretchdelay {\r\n\t\t\t  0%, 40%, 100% { \r\n\t\t\t    transform: scaleY(0.4);\r\n\t\t\t    -webkit-transform: scaleY(0.4);\r\n\t\t\t  }  20% { \r\n\t\t\t    transform: scaleY(1.0);\r\n\t\t\t    -webkit-transform: scaleY(1.0);\r\n\t\t\t  }\r\n\t\t\t}\r\n\t\t<\/style><div class=\"robo-gallery-wrap robo-gallery-wrap-id3253 robo-gallery-\" ><div id=\"rbs_gallery_69e36b1e2340d-block-loader\" class=\"rbs_gallery_69e36b1e2340dSpinner\"><div class=\"rbs_gallery_69e36b1e2340dRect1\"><\/div> <div class=\"rbs_gallery_69e36b1e2340dRect2\"><\/div> <div class=\"rbs_gallery_69e36b1e2340dRect3\"><\/div> <div class=\"rbs_gallery_69e36b1e2340dRect4\"><\/div> <div class=\"rbs_gallery_69e36b1e2340dRect5\"><\/div><\/div><div id=\"robo_gallery_main_block_rbs_gallery_69e36b1e2340d\" class=\"robogallery-gallery-3253\" style=\"width:100%;  display: none;\"><div id=\"rbs_gallery_69e36b1e2340d\" data-options=\"rbs_gallery_69e36b1e2340d\" style=\"width:100%;\" class=\"robo_gallery  \"><div class=\"rbs-img  category3253 \" ><div class=\"rbs-img-image   rbs-lightbox \" ><div class=\"rbs-img-thumbs\"  data-thumbnail=\"https:\/\/www.paripari-lingerie.com\/wp-content\/uploads\/2023\/12\/CYNTHIA-BLACK-SOFT-AND-STRING-FRONT-683x1024.jpg\"  title=\"CYNTHIA BLACK SOFT AND STRING FRONT\"  data-width=\"683\"  data-height=\"1024\" ><\/div><div class=\"rbs-img-data-popup\"  data-popup=\"https:\/\/www.paripari-lingerie.com\/wp-content\/uploads\/2023\/12\/CYNTHIA-BLACK-SOFT-AND-STRING-FRONT.jpg\"  title=\"CYNTHIA BLACK SOFT AND STRING FRONT\" ><\/div><div class=\"thumbnail-overlay\"><div class=\"rbsTitle \">CYNTHIA BLACK SOFT AND STRING FRONT<\/div><div class=\"rbsIcons\"><i class=\"fa fa-search-plus rbsZoomIcon \" ><\/i><\/div><\/div><\/div><\/div><div class=\"rbs-img  category3253 \" ><div class=\"rbs-img-image   rbs-lightbox \" ><div class=\"rbs-img-thumbs\"  data-thumbnail=\"https:\/\/www.paripari-lingerie.com\/wp-content\/uploads\/2023\/12\/CYNTHIA-BLACK-SOFT-and-FULL-FRONT-683x1024.jpg\"  title=\"CYNTHIA BLACK SOFT and FULL FRONT\"  data-width=\"683\"  data-height=\"1024\" ><\/div><div class=\"rbs-img-data-popup\"  data-popup=\"https:\/\/www.paripari-lingerie.com\/wp-content\/uploads\/2023\/12\/CYNTHIA-BLACK-SOFT-and-FULL-FRONT.jpg\"  title=\"CYNTHIA BLACK SOFT and FULL FRONT\" ><\/div><div class=\"thumbnail-overlay\"><div class=\"rbsTitle \">CYNTHIA BLACK SOFT and FULL FRONT<\/div><div class=\"rbsIcons\"><i class=\"fa fa-search-plus rbsZoomIcon \" ><\/i><\/div><\/div><\/div><\/div><div class=\"rbs-img  category3253 \" ><div class=\"rbs-img-image   rbs-lightbox \" ><div class=\"rbs-img-thumbs\"  data-thumbnail=\"https:\/\/www.paripari-lingerie.com\/wp-content\/uploads\/2023\/12\/CYNTHIA-BLACK-SOFT-and-FULL-HIGH-WAIST-FRONT-683x1024.jpg\"  title=\"CYNTHIA BLACK SOFT and FULL HIGH WAIST FRONT\"  data-width=\"683\"  data-height=\"1024\" ><\/div><div class=\"rbs-img-data-popup\"  data-popup=\"https:\/\/www.paripari-lingerie.com\/wp-content\/uploads\/2023\/12\/CYNTHIA-BLACK-SOFT-and-FULL-HIGH-WAIST-FRONT.jpg\"  title=\"CYNTHIA BLACK SOFT and FULL HIGH WAIST FRONT\" ><\/div><div class=\"thumbnail-overlay\"><div class=\"rbsTitle \">CYNTHIA BLACK SOFT and FULL HIGH WAIST FRONT<\/div><div class=\"rbsIcons\"><i class=\"fa fa-search-plus rbsZoomIcon \" ><\/i><\/div><\/div><\/div><\/div><div class=\"rbs-img  category3253 \" ><div class=\"rbs-img-image   rbs-lightbox \" ><div class=\"rbs-img-thumbs\"  data-thumbnail=\"https:\/\/www.paripari-lingerie.com\/wp-content\/uploads\/2023\/12\/CYNTHIA-BLACK-STRING-REAR-683x1024.jpg\"  title=\"CYNTHIA BLACK STRING REAR\"  data-width=\"683\"  data-height=\"1024\" ><\/div><div class=\"rbs-img-data-popup\"  data-popup=\"https:\/\/www.paripari-lingerie.com\/wp-content\/uploads\/2023\/12\/CYNTHIA-BLACK-STRING-REAR.jpg\"  title=\"CYNTHIA BLACK STRING REAR\" ><\/div><div class=\"thumbnail-overlay\"><div class=\"rbsTitle \">CYNTHIA BLACK STRING REAR<\/div><div class=\"rbsIcons\"><i class=\"fa fa-search-plus rbsZoomIcon \" ><\/i><\/div><\/div><\/div><\/div><div class=\"rbs-img  category3253 \" ><div class=\"rbs-img-image   rbs-lightbox \" ><div class=\"rbs-img-thumbs\"  data-thumbnail=\"https:\/\/www.paripari-lingerie.com\/wp-content\/uploads\/2023\/12\/CYNTHIA-BLACK-FULL-REAR-683x1024.jpg\"  title=\"CYNTHIA BLACK FULL REAR\"  data-width=\"683\"  data-height=\"1024\" ><\/div><div class=\"rbs-img-data-popup\"  data-popup=\"https:\/\/www.paripari-lingerie.com\/wp-content\/uploads\/2023\/12\/CYNTHIA-BLACK-FULL-REAR.jpg\"  title=\"CYNTHIA BLACK FULL REAR\" ><\/div><div class=\"thumbnail-overlay\"><div class=\"rbsTitle \">CYNTHIA BLACK FULL REAR<\/div><div class=\"rbsIcons\"><i class=\"fa fa-search-plus rbsZoomIcon \" ><\/i><\/div><\/div><\/div><\/div><div class=\"rbs-img  category3253 \" ><div class=\"rbs-img-image   rbs-lightbox \" ><div class=\"rbs-img-thumbs\"  data-thumbnail=\"https:\/\/www.paripari-lingerie.com\/wp-content\/uploads\/2023\/12\/CYNTHIA-BLACK-FULL-HIGH-WAIST-REAR-683x1024.jpg\"  title=\"CYNTHIA BLACK FULL HIGH WAIST REAR\"  data-width=\"683\"  data-height=\"1024\" ><\/div><div class=\"rbs-img-data-popup\"  data-popup=\"https:\/\/www.paripari-lingerie.com\/wp-content\/uploads\/2023\/12\/CYNTHIA-BLACK-FULL-HIGH-WAIST-REAR.jpg\"  title=\"CYNTHIA BLACK FULL HIGH WAIST REAR\" ><\/div><div class=\"thumbnail-overlay\"><div class=\"rbsTitle \">CYNTHIA BLACK FULL HIGH WAIST REAR<\/div><div class=\"rbsIcons\"><i class=\"fa fa-search-plus rbsZoomIcon \" ><\/i><\/div><\/div><\/div><\/div><\/div><\/div><\/div><script>var rbs_gallery_69e36b1e2340d = {\"version\":\"5.1.4\",\"id\":3253,\"class\":\"id3253\",\"roboGalleryDelay\":1000,\"mainContainer\":\"#robo_gallery_main_block_rbs_gallery_69e36b1e2340d\",\"loadingContainer\":\"#rbs_gallery_69e36b1e2340d-block-loader\",\"loadingContainerObj\":\"rbs_gallery_69e36b1e2340d-block-loader\",\"columnWidth\":\"auto\",\"columns\":3,\"resolutions\":[{\"columnWidth\":\"auto\",\"columns\":3,\"maxWidth\":960},{\"columnWidth\":\"auto\",\"columns\":2,\"maxWidth\":650},{\"columnWidth\":\"auto\",\"columns\":1,\"maxWidth\":450}],\"lightboxOptions\":{\"gallery\":{\"enabled\":true,\"tCounter\":\"%curr% of %total%\"}},\"overlayEffect\":\"direction-aware-fade\",\"boxesToLoadStart\":12,\"boxesToLoad\":8,\"waitUntilThumbLoads\":1,\"LoadingWord\":\"Loading...\",\"loadMoreWord\":\"Load More\",\"noMoreEntriesWord\":\"No More Entries\",\"horizontalSpaceBetweenBoxes\":15,\"verticalSpaceBetweenBoxes\":15,\"lazyLoad\":0,\"wrapContainer\":\"#robo-gallery-wrap-rbs_gallery_69e36b1e2340d\"};<\/script><\/p>\n<p><p><b>Suti\u00e3 Cynthia<\/b> \u00e9 uma escolha elegante para mulheres com busto m\u00e9dio ou grande, feito de tecido bordado floral que adiciona um toque sensual. As ta\u00e7as sem acolchoamento proporcionam um formato natural e conforto ao usar. A parte inferior das ta\u00e7as \u00e9 refor\u00e7ada com uma malha est\u00e1vel, enquanto as costuras verticais duplas melhoram o suporte do suti\u00e3, especialmente para tamanhos maiores, garantindo suporte s\u00f3lido e conforto. As barbatanas laterais e os pain\u00e9is largos de tecido de camada dupla estabilizam ainda mais o busto, e as al\u00e7as ajust\u00e1veis, adaptadas ao tamanho do suti\u00e3, garantem um ajuste perfeito. O fecho traseiro tem tr\u00eas ganchos para ajustar a circunfer\u00eancia, mas dependendo do tamanho, a largura do fecho inclui duas ou tr\u00eas fileiras de ganchos, tornando este modelo excepcionalmente confort\u00e1vel.<\/p>\n<p>O modelo Cynthia oferece os maiores tamanhos de suti\u00e3 dispon\u00edveis em nossa cole\u00e7\u00e3o \u2013 at\u00e9 115B \u2013 destacando-se entre a concorr\u00eancia. O design foi testado por muitos meses nos bustos mais exigentes, garantindo suporte forte, beleza e conforto. Uma gama de tamanhos t\u00e3o ampla \u00e9 rara, e poucas marcas oferecem uma disponibilidade t\u00e3o extensa.<\/p>\n<p>Outros itens da cole\u00e7\u00e3o Cynthia complementam perfeitamente o conjunto:<\/p>\n<ul>\n<li><b>Calcinha alta Cynthia<\/b>: Calcinhas cl\u00e1ssicas de cintura alta feitas de microfibra macia e tule delicado. A parte da frente \u00e9 adornada com um grande peda\u00e7o de renda elegante que adiciona sensualidade. A parte de tr\u00e1s lisa garante conforto total, e o corte alto \u00e9 perfeito para mulheres com formas mais generosas. Dispon\u00edveis at\u00e9 o tamanho 5XL, est\u00e3o entre os maiores de nossa cole\u00e7\u00e3o.<\/li>\n<li><b>Calcinha cl\u00e1ssica Cynthia<\/b>: Estas calcinhas cl\u00e1ssicas s\u00e3o feitas de microfibra macia e se adaptam perfeitamente ao corpo, oferecendo conforto di\u00e1rio. A parte da frente apresenta bordados decorativos elegantes colocados nas laterais, adicionando um charme sutil. A parte de tr\u00e1s lisa garante conforto e um ajuste excelente. Dispon\u00edveis at\u00e9 o tamanho 5XL.<\/li>\n<li><b>Fio dental Cynthia<\/b>: Estes elegantes fios dentais combinam um delicado bordado floral na parte da frente com uma microfibra macia na parte de tr\u00e1s lisa. Inser\u00e7\u00f5es de tule transparente adicionam um toque de sensualidade, e as costuras verticais na parte da frente e de tr\u00e1s garantem um ajuste perfeito ao corpo.<\/li>\n<\/ul>\n<p>A cole\u00e7\u00e3o Cynthia \u00e9 uma linha de lingerie que n\u00e3o s\u00f3 oferece uma ampla gama de tamanhos, mas tamb\u00e9m garante conforto e eleg\u00e2ncia excepcionais. \u00c9 a escolha perfeita para mulheres que procuram lingerie que combine beleza com suporte s\u00f3lido para uso di\u00e1rio.<br \/>\n<\/p><br \/>\n<p><a href=\"\/sizes-table\">Tabela de tamanhos de <strong>lingerie PariPari<\/strong><\/a><br \/>\n<\/p><br \/>\n<p><\/p>\n<table class=\"sizeTable\">\n<tbody>\n<tr>\n<td><b>SUTI\u00c3 SOFT<\/b><\/td>\n<\/tr>\n<tr>\n<td>65&nbsp;&nbsp;FGH<\/td>\n<\/tr>\n<tr>\n<td>70&nbsp;&nbsp;EFG<\/td>\n<\/tr>\n<tr>\n<td>75&nbsp;&nbsp;DEFGHIJ<\/td>\n<\/tr>\n<tr>\n<td>80&nbsp;&nbsp;CDEFGHI<\/td>\n<\/tr>\n<tr>\n<td>85&nbsp;&nbsp;BCDEFGH<\/td>\n<\/tr>\n<tr>\n<td>90&nbsp;&nbsp;BCDEFG<\/td>\n<\/tr>\n<tr>\n<td>95&nbsp;&nbsp;BCDEF<\/td>\n<\/tr>\n<tr>\n<td>100&nbsp;&nbsp;BCDE<\/td>\n<\/tr>\n<tr>\n<td>105&nbsp;&nbsp;BCD<\/td>\n<\/tr>\n<tr>\n<td>110&nbsp;&nbsp;BC<\/td>\n<\/tr>\n<tr>\n<td>115&nbsp;&nbsp;B<\/td>\n<\/tr>\n<tr>\n<td><b>CALCINHA CL\u00c1SSICA<\/b><\/td>\n<\/tr>\n<tr>\n<td>S&nbsp;&nbsp;M&nbsp;&nbsp;L&nbsp;&nbsp;XL&nbsp;&nbsp;XXL&nbsp;&nbsp;XXXL&nbsp;&nbsp;4XL&nbsp;&nbsp;5XL<\/td>\n<\/tr>\n<tr>\n<td><b>STRING<\/b><\/td>\n<\/tr>\n<tr>\n<td>S&nbsp;&nbsp;M&nbsp;&nbsp;L&nbsp;&nbsp;XL&nbsp;&nbsp;XXL&nbsp;&nbsp;XXXL&nbsp;&nbsp;4XL&nbsp;&nbsp;5XL<\/td>\n<\/tr>\n<tr>\n<td><b>CALCINHA CINTURA ALTA (HW)<\/b><\/td>\n<\/tr>\n<tr>\n<td>S&nbsp;&nbsp;M&nbsp;&nbsp;L&nbsp;&nbsp;XL&nbsp;&nbsp;XXL&nbsp;&nbsp;XXXL&nbsp;&nbsp;4XL&nbsp;&nbsp;5XL<\/td>\n<\/tr>\n<\/tbody>\n<\/table>\n<p><\/p><\/p>\n<p><p><\/p>\n<div style=\"display: flex; align-items: center; gap: 15px; margin-top: 20px; width: 100%;\">\n    <img decoding=\"async\" src=\"https:\/\/www.paripari-lingerie.com\/wp-content\/uploads\/2024\/10\/handshake_icon.png\" alt=\"\u00cdcone de colabora\u00e7\u00e3o\" style=\"width: 50px; height: auto;\"\/><\/p>\n<div>\n        <b>Est\u00e1 interessado em colaborar conosco e tornar-se um distribuidor de lingerie PariPari?<br \/>\n        <a href=\"https:\/\/www.paripari-lingerie.com\/cooperation-resell-paripari-lingerie-and-build-your-success-with-our-brand\/\">Encontre mais informa\u00e7\u00f5es aqui<\/a>, entre em contato conosco \u2013 estamos ansiosos para ouvir de voc\u00ea!<\/b>\n    <\/div>\n<\/div>\n<p><\/p><br \/>\n<\/p>","protected":false},"excerpt":{"rendered":"","protected":false},"author":1,"featured_media":0,"parent":1564,"menu_order":19,"comment_status":"closed","ping_status":"closed","template":"","meta":{"footnotes":""},"class_list":["post-3245","page","type-page","status-publish","czr-hentry"],"_links":{"self":[{"href":"https:\/\/www.paripari-lingerie.com\/pt\/wp-json\/wp\/v2\/pages\/3245","targetHints":{"allow":["GET"]}}],"collection":[{"href":"https:\/\/www.paripari-lingerie.com\/pt\/wp-json\/wp\/v2\/pages"}],"about":[{"href":"https:\/\/www.paripari-lingerie.com\/pt\/wp-json\/wp\/v2\/types\/page"}],"author":[{"embeddable":true,"href":"https:\/\/www.paripari-lingerie.com\/pt\/wp-json\/wp\/v2\/users\/1"}],"replies":[{"embeddable":true,"href":"https:\/\/www.paripari-lingerie.com\/pt\/wp-json\/wp\/v2\/comments?post=3245"}],"version-history":[{"count":7,"href":"https:\/\/www.paripari-lingerie.com\/pt\/wp-json\/wp\/v2\/pages\/3245\/revisions"}],"predecessor-version":[{"id":3769,"href":"https:\/\/www.paripari-lingerie.com\/pt\/wp-json\/wp\/v2\/pages\/3245\/revisions\/3769"}],"up":[{"embeddable":true,"href":"https:\/\/www.paripari-lingerie.com\/pt\/wp-json\/wp\/v2\/pages\/1564"}],"wp:attachment":[{"href":"https:\/\/www.paripari-lingerie.com\/pt\/wp-json\/wp\/v2\/media?parent=3245"}],"curies":[{"name":"wp","href":"https:\/\/api.w.org\/{rel}","templated":true}]}}