{"id":3312,"date":"2024-04-24T11:58:23","date_gmt":"2024-04-24T10:58:23","guid":{"rendered":"https:\/\/www.paripari-lingerie.com\/?page_id=3312"},"modified":"2024-12-20T12:02:07","modified_gmt":"2024-12-20T11:02:07","slug":"ellie-red","status":"publish","type":"page","link":"https:\/\/www.paripari-lingerie.com\/pt\/collection\/ellie-red\/","title":{"rendered":"ELLIE VERMELHA"},"content":{"rendered":"<p><br \/>\n<\/p>\n<p style=\"text-align: center;\"><style type=\"text\/css\" scoped>.rbs_gallery_69e38bfb2b679Spinner{\r\n\t\t\t\tmargin: 50px auto;\r\n\t\t\t\twidth: 50px;\r\n\t\t\t\theight: 40px;\r\n\t\t\t\ttext-align: center;\r\n\t\t\t\tfont-size: 10px;\r\n\t\t\t}\r\n\t\t\t.rbs_gallery_69e38bfb2b679Spinner > div{\r\n\t\t\t  background-color: #333;\r\n\t\t\t  height: 100%;\r\n\t\t\t  width: 6px;\r\n\t\t\t  display: inline-block;\r\n\t\t\t  -webkit-animation: rbs_gallery_69e38bfb2b679-stretchdelay 1.2s infinite ease-in-out;\r\n\t\t\t  animation: rbs_gallery_69e38bfb2b679-stretchdelay 1.2s infinite ease-in-out;\r\n\t\t\t}\r\n\t\t\t.rbs_gallery_69e38bfb2b679Spinner .rbs_gallery_69e38bfb2b679Rect2 {\r\n\t\t\t  -webkit-animation-delay: -1.1s;\r\n\t\t\t  animation-delay: -1.1s;\r\n\t\t\t}\r\n\t\t\t.rbs_gallery_69e38bfb2b679Spinner .rbs_gallery_69e38bfb2b679Rect3 {\r\n\t\t\t  -webkit-animation-delay: -1.0s;\r\n\t\t\t  animation-delay: -1.0s;\r\n\t\t\t}\r\n\t\t\t.rbs_gallery_69e38bfb2b679Spinner .rbs_gallery_69e38bfb2b679Rect4 {\r\n\t\t\t  -webkit-animation-delay: -0.9s;\r\n\t\t\t  animation-delay: -0.9s;\r\n\t\t\t}\r\n\t\t\t.rbs_gallery_69e38bfb2b679Spinner .rbs_gallery_69e38bfb2b679Rect5 {\r\n\t\t\t  -webkit-animation-delay: -0.8s;\r\n\t\t\t  animation-delay: -0.8s;\r\n\t\t\t}\r\n\t\t\t@-webkit-keyframes rbs_gallery_69e38bfb2b679-stretchdelay {\r\n\t\t\t  0%, 40%, 100% { -webkit-transform: scaleY(0.4) }  \r\n\t\t\t  20% { -webkit-transform: scaleY(1.0) }\r\n\t\t\t}\r\n\t\t\t@keyframes rbs_gallery_69e38bfb2b679-stretchdelay {\r\n\t\t\t  0%, 40%, 100% { \r\n\t\t\t    transform: scaleY(0.4);\r\n\t\t\t    -webkit-transform: scaleY(0.4);\r\n\t\t\t  }  20% { \r\n\t\t\t    transform: scaleY(1.0);\r\n\t\t\t    -webkit-transform: scaleY(1.0);\r\n\t\t\t  }\r\n\t\t\t}\r\n\t\t<\/style><div class=\"robo-gallery-wrap robo-gallery-wrap-id3308 robo-gallery-\" ><div id=\"rbs_gallery_69e38bfb2b679-block-loader\" class=\"rbs_gallery_69e38bfb2b679Spinner\"><div class=\"rbs_gallery_69e38bfb2b679Rect1\"><\/div> <div class=\"rbs_gallery_69e38bfb2b679Rect2\"><\/div> <div class=\"rbs_gallery_69e38bfb2b679Rect3\"><\/div> <div class=\"rbs_gallery_69e38bfb2b679Rect4\"><\/div> <div class=\"rbs_gallery_69e38bfb2b679Rect5\"><\/div><\/div><div class=\"rbs_gallery_button  rbs_gallery_align_left\" id=\"rbs_gallery_69e38bfb2b679filter\" style=\" display: none;\" ><a class=\"button button-border-caution  \" href=\"#\" data-filter=\"*\">All<\/a><\/div><div id=\"robo_gallery_main_block_rbs_gallery_69e38bfb2b679\" class=\"robogallery-gallery-3308\" style=\"width:100%;  display: none;\"><div id=\"rbs_gallery_69e38bfb2b679\" data-options=\"rbs_gallery_69e38bfb2b679\" style=\"width:100%;\" class=\"robo_gallery  \"><div class=\"rbs-img  category3308 \" ><div class=\"rbs-img-image   rbs-lightbox \" ><div class=\"rbs-img-thumbs\"  data-thumbnail=\"https:\/\/www.paripari-lingerie.com\/wp-content\/uploads\/2024\/04\/ELLIE-RED-PUSH-UP-and-STRING-FRONT-683x1024.jpg\"  title=\"ELLIE RED PUSH-UP and STRING FRONT\"  data-width=\"683\"  data-height=\"1024\" ><\/div><div class=\"rbs-img-data-popup\"  data-popup=\"https:\/\/www.paripari-lingerie.com\/wp-content\/uploads\/2024\/04\/ELLIE-RED-PUSH-UP-and-STRING-FRONT-scaled.jpg\"  title=\"ELLIE RED PUSH-UP and STRING FRONT\" ><\/div><div class=\"thumbnail-overlay\"><div class=\"rbsTitle \">ELLIE RED PUSH-UP and STRING FRONT<\/div><div class=\"rbsIcons\"><i class=\"fa fa-search-plus rbsZoomIcon \" ><\/i><\/div><\/div><\/div><\/div><div class=\"rbs-img  category3308 \" ><div class=\"rbs-img-image   rbs-lightbox \" ><div class=\"rbs-img-thumbs\"  data-thumbnail=\"https:\/\/www.paripari-lingerie.com\/wp-content\/uploads\/2024\/04\/ELLIE-RED-PUSH-UP-and-FULL-FRONT-683x1024.jpg\"  title=\"ELLIE RED PUSH-UP and FULL FRONT\"  data-width=\"683\"  data-height=\"1024\" ><\/div><div class=\"rbs-img-data-popup\"  data-popup=\"https:\/\/www.paripari-lingerie.com\/wp-content\/uploads\/2024\/04\/ELLIE-RED-PUSH-UP-and-FULL-FRONT-scaled.jpg\"  title=\"ELLIE RED PUSH-UP and FULL FRONT\" ><\/div><div class=\"thumbnail-overlay\"><div class=\"rbsTitle \">ELLIE RED PUSH-UP and FULL FRONT<\/div><div class=\"rbsIcons\"><i class=\"fa fa-search-plus rbsZoomIcon \" ><\/i><\/div><\/div><\/div><\/div><div class=\"rbs-img  category3308 \" ><div class=\"rbs-img-image   rbs-lightbox \" ><div class=\"rbs-img-thumbs\"  data-thumbnail=\"https:\/\/www.paripari-lingerie.com\/wp-content\/uploads\/2024\/04\/ELLIE-RED-PUSH-UP-and-STRING-REAR-696x1024.jpg\"  title=\"ELLIE RED PUSH-UP and STRING REAR\"  data-width=\"696\"  data-height=\"1024\" ><\/div><div class=\"rbs-img-data-popup\"  data-popup=\"https:\/\/www.paripari-lingerie.com\/wp-content\/uploads\/2024\/04\/ELLIE-RED-PUSH-UP-and-STRING-REAR-scaled.jpg\"  title=\"ELLIE RED PUSH-UP and STRING REAR\" ><\/div><div class=\"thumbnail-overlay\"><div class=\"rbsTitle \">ELLIE RED PUSH-UP and STRING REAR<\/div><div class=\"rbsIcons\"><i class=\"fa fa-search-plus rbsZoomIcon \" ><\/i><\/div><\/div><\/div><\/div><div class=\"rbs-img  category3308 \" ><div class=\"rbs-img-image   rbs-lightbox \" ><div class=\"rbs-img-thumbs\"  data-thumbnail=\"https:\/\/www.paripari-lingerie.com\/wp-content\/uploads\/2024\/04\/ELLIE-RED-PUSH-UP-and-FULL-REAR-696x1024.jpg\"  title=\"ELLIE RED PUSH-UP and FULL REAR\"  data-width=\"696\"  data-height=\"1024\" ><\/div><div class=\"rbs-img-data-popup\"  data-popup=\"https:\/\/www.paripari-lingerie.com\/wp-content\/uploads\/2024\/04\/ELLIE-RED-PUSH-UP-and-FULL-REAR-scaled.jpg\"  title=\"ELLIE RED PUSH-UP and FULL REAR\" ><\/div><div class=\"thumbnail-overlay\"><div class=\"rbsTitle \">ELLIE RED PUSH-UP and FULL REAR<\/div><div class=\"rbsIcons\"><i class=\"fa fa-search-plus rbsZoomIcon \" ><\/i><\/div><\/div><\/div><\/div><\/div><\/div><\/div><script>var rbs_gallery_69e38bfb2b679 = {\"version\":\"5.1.4\",\"id\":3308,\"class\":\"id3308\",\"roboGalleryDelay\":1000,\"mainContainer\":\"#robo_gallery_main_block_rbs_gallery_69e38bfb2b679\",\"loadingContainer\":\"#rbs_gallery_69e38bfb2b679-block-loader\",\"loadingContainerObj\":\"rbs_gallery_69e38bfb2b679-block-loader\",\"columnWidth\":\"auto\",\"columns\":3,\"resolutions\":[{\"columnWidth\":\"auto\",\"columns\":3,\"maxWidth\":960},{\"columnWidth\":\"auto\",\"columns\":2,\"maxWidth\":650},{\"columnWidth\":\"auto\",\"columns\":1,\"maxWidth\":450}],\"lightboxOptions\":{\"gallery\":{\"enabled\":true,\"tCounter\":\"%curr% of %total%\"}},\"overlayEffect\":\"direction-aware-fade\",\"boxesToLoadStart\":12,\"boxesToLoad\":8,\"waitUntilThumbLoads\":1,\"LoadingWord\":\"Loading...\",\"loadMoreWord\":\"Load More\",\"noMoreEntriesWord\":\"No More Entries\",\"horizontalSpaceBetweenBoxes\":15,\"verticalSpaceBetweenBoxes\":15,\"lazyLoad\":1,\"wrapContainer\":\"#robo-gallery-wrap-rbs_gallery_69e38bfb2b679\",\"filterContainer\":\"#rbs_gallery_69e38bfb2b679filter\",\"loadMoreClass\":\"button-border-caution \"};<\/script><\/p>\n<p><p><b>Suti\u00e3 Push-Up Ellie<\/b> \u00e9 um suti\u00e3 elegante, bonito e sensual que real\u00e7a perfeitamente o seu decote. As ta\u00e7as acolchoadas, cobertas com tule macio e el\u00e1stico, destacam o busto de forma sedutora. Um delicado acabamento em cetim nas bordas das ta\u00e7as adiciona sutileza, enquanto um encantador la\u00e7o de cetim entre as ta\u00e7as enfatiza a eleg\u00e2ncia. Este suti\u00e3 n\u00e3o \u00e9 apenas esteticamente agrad\u00e1vel, mas tamb\u00e9m muito discreto sob uma blusa, tornando-o ideal para qualquer ocasi\u00e3o.<\/p>\n<p>Possui enchimentos remov\u00edveis que permitem ajustar o efeito push-up. As hastes laterais e cl\u00e1ssicas oferecem suporte adequado, enquanto a parte de tr\u00e1s lisa e s\u00f3lida garante conforto. As al\u00e7as s\u00e3o ajust\u00e1veis e remov\u00edveis apenas na parte traseira. O fecho traseiro sempre possui tr\u00eas ganchos para ajustar a circunfer\u00eancia, mas, dependendo do tamanho, a largura do fecho \u00e9 composta por duas ou tr\u00eas fileiras de ganchos, tornando este modelo excepcionalmente confort\u00e1vel.<\/p>\n<p>Outros itens da cole\u00e7\u00e3o Ellie complementam perfeitamente o conjunto:<\/p>\n<ul>\n<li><b>Calcinha Ellie<\/b>: Calcinhas cl\u00e1ssicas feitas de tecido liso e s\u00f3lido combinado com tule transparente. A parte frontal \u00e9 adornada com delicados detalhes de tule e um acabamento brilhante. A parte traseira, feita de microfibra macia, ajusta-se perfeitamente ao corpo, e o forro de algod\u00e3o garante conforto durante todo o dia.<\/li>\n<li><b>Fio-dental Ellie<\/b>: Fios-dentais sensuais feitos de tecido liso combinado com tule transparente. As laterais s\u00e3o decoradas com al\u00e7as duplas que adicionam leveza, e a parte frontal \u00e9 adornada com um la\u00e7o de cetim. A parte traseira, feita de microfibra delicada, real\u00e7a lindamente as n\u00e1degas. O forro de algod\u00e3o garante conforto, e os materiais leves oferecem liberdade de movimento.<\/li>\n<\/ul>\n<p>O conjunto completo forma uma cole\u00e7\u00e3o elegante e coesa que combina conforto e estilo refinado, real\u00e7ando a beleza da silhueta feminina.<\/p>\n<p><\/p><br \/>\n<p><a href=\"\/sizes-table\">Tabela de tamanhos de <strong>lingerie PariPari<\/strong><\/a><br \/>\n<\/p><br \/>\n<p><\/p>\n<table class=\"sizeTable\">\n<tbody>\n<tr>\n<td><b>SUTI\u00c3 PUSH-UP<\/b><br \/>\n65 CDEFGH<br \/>\n70 BCDEFG<br \/>\n75 ABCDEFGH<br \/>\n80 ABCDEFG<br \/>\n85 ABCDEF<br \/>\n90 BCDE<br \/>\n95 BCD<br \/>\n100 BC<br \/>\n105 B<\/td>\n<\/tr>\n<\/tbody>\n<\/table>\n<p><\/p><br \/>\n<p><\/p>\n<table class=\"sizeTable\">\n<tbody>\n<tr>\n<td><b>CALCINHAS CL\u00c1SSICAS<\/b><br \/>\nS, M, L, XL, XXL, XXXL<\/td>\n<td><b>FIO DENTAL<\/b><br \/>\nS, M, L, XL, XXL, XXXL<\/td>\n<\/tr>\n<\/tbody>\n<\/table>\n<p><\/p><\/p>\n<p><p><\/p>\n<div style=\"display: flex; align-items: center; gap: 15px; margin-top: 20px; width: 100%;\">\n    <img decoding=\"async\" src=\"https:\/\/www.paripari-lingerie.com\/wp-content\/uploads\/2024\/10\/handshake_icon.png\" alt=\"\u00cdcone de colabora\u00e7\u00e3o\" style=\"width: 50px; height: auto;\"\/><\/p>\n<div>\n        <b>Est\u00e1 interessado em colaborar conosco e tornar-se um distribuidor de lingerie PariPari?<br \/>\n        <a href=\"https:\/\/www.paripari-lingerie.com\/cooperation-resell-paripari-lingerie-and-build-your-success-with-our-brand\/\">Encontre mais informa\u00e7\u00f5es aqui<\/a>, entre em contato conosco \u2013 estamos ansiosos para ouvir de voc\u00ea!<\/b>\n    <\/div>\n<\/div>\n<p><\/p><br \/>\n<\/p>","protected":false},"excerpt":{"rendered":"","protected":false},"author":1,"featured_media":0,"parent":1564,"menu_order":29,"comment_status":"closed","ping_status":"closed","template":"","meta":{"footnotes":""},"class_list":["post-3312","page","type-page","status-publish","czr-hentry"],"_links":{"self":[{"href":"https:\/\/www.paripari-lingerie.com\/pt\/wp-json\/wp\/v2\/pages\/3312","targetHints":{"allow":["GET"]}}],"collection":[{"href":"https:\/\/www.paripari-lingerie.com\/pt\/wp-json\/wp\/v2\/pages"}],"about":[{"href":"https:\/\/www.paripari-lingerie.com\/pt\/wp-json\/wp\/v2\/types\/page"}],"author":[{"embeddable":true,"href":"https:\/\/www.paripari-lingerie.com\/pt\/wp-json\/wp\/v2\/users\/1"}],"replies":[{"embeddable":true,"href":"https:\/\/www.paripari-lingerie.com\/pt\/wp-json\/wp\/v2\/comments?post=3312"}],"version-history":[{"count":6,"href":"https:\/\/www.paripari-lingerie.com\/pt\/wp-json\/wp\/v2\/pages\/3312\/revisions"}],"predecessor-version":[{"id":3774,"href":"https:\/\/www.paripari-lingerie.com\/pt\/wp-json\/wp\/v2\/pages\/3312\/revisions\/3774"}],"up":[{"embeddable":true,"href":"https:\/\/www.paripari-lingerie.com\/pt\/wp-json\/wp\/v2\/pages\/1564"}],"wp:attachment":[{"href":"https:\/\/www.paripari-lingerie.com\/pt\/wp-json\/wp\/v2\/media?parent=3312"}],"curies":[{"name":"wp","href":"https:\/\/api.w.org\/{rel}","templated":true}]}}