{"id":3632,"date":"2024-12-02T12:52:56","date_gmt":"2024-12-02T11:52:56","guid":{"rendered":"https:\/\/www.paripari-lingerie.com\/?page_id=3632"},"modified":"2024-12-20T12:54:59","modified_gmt":"2024-12-20T11:54:59","slug":"sylvie-white","status":"publish","type":"page","link":"https:\/\/www.paripari-lingerie.com\/pt\/collection\/sylvie-white\/","title":{"rendered":"SYLVIE BRANCA"},"content":{"rendered":"<p><p><\/p>\n<div class=\"product-description\">\n<p><strong>SYLVIE \u2013 Sensualidade Refinada<\/strong><\/p>\n<p>\n        A cole\u00e7\u00e3o SYLVIE representa eleg\u00e2ncia e feminilidade delicada. O suti\u00e3 push-up foi projetado para real\u00e7ar lindamente o busto, destacando sua forma natural.<br \/>\n        As copas de renda com padr\u00e3o floral adicionam leveza e charme rom\u00e2ntico, enquanto os pain\u00e9is laterais em microfibra macia garantem um ajuste perfeito e conforto durante todo o dia.<br \/>\n        O suti\u00e3 possui um fecho de colchetes largo (3&#215;3) para excelente suporte e estabilidade.\n    <\/p>\n<p>\n        A cole\u00e7\u00e3o tamb\u00e9m inclui tr\u00eas tipos de calcinhas, oferecendo algo para cada mulher:<\/p>\n<ul>\n<li>Calcinhas cl\u00e1ssicas \u2013 uma escolha atemporal para quem valoriza conforto e simplicidade.<\/li>\n<li>Fio-dental \u2013 ideal para mulheres que desejam destacar sua sensualidade.<\/li>\n<li>Calcinhas de cintura alta \u2013 elegantes e pr\u00e1ticas, proporcionando suporte adicional.<\/li>\n<\/ul>\n<p>\n        A cole\u00e7\u00e3o SYLVIE \u00e9 criada para mulheres que desejam se sentir especiais todos os dias, independentemente da ocasi\u00e3o.<br \/>\n        Sua combina\u00e7\u00e3o de lindos detalhes e alta funcionalidade a torna a escolha perfeita para todas as mulheres.\n    <\/p>\n<p>Descubra o charme \u00fanico da cole\u00e7\u00e3o SYLVIE explorando sua beleza nas fotos.<\/p>\n<\/div>\n<p><\/p><p><a href=\"https:\/\/www.google.com\/search?q=PariPari+Sylvie&#038;hl=pt\" target=\"_blank\">Pesquise e compre PariPari Sylvie<\/a><\/p><\/p>\n<p style=\"text-align: center;\"><style type=\"text\/css\" scoped>.rbs_gallery_69e36b5ba7af7Spinner{\r\n\t\t\t\tmargin: 50px auto;\r\n\t\t\t\twidth: 50px;\r\n\t\t\t\theight: 40px;\r\n\t\t\t\ttext-align: center;\r\n\t\t\t\tfont-size: 10px;\r\n\t\t\t}\r\n\t\t\t.rbs_gallery_69e36b5ba7af7Spinner > div{\r\n\t\t\t  background-color: #333;\r\n\t\t\t  height: 100%;\r\n\t\t\t  width: 6px;\r\n\t\t\t  display: inline-block;\r\n\t\t\t  -webkit-animation: rbs_gallery_69e36b5ba7af7-stretchdelay 1.2s infinite ease-in-out;\r\n\t\t\t  animation: rbs_gallery_69e36b5ba7af7-stretchdelay 1.2s infinite ease-in-out;\r\n\t\t\t}\r\n\t\t\t.rbs_gallery_69e36b5ba7af7Spinner .rbs_gallery_69e36b5ba7af7Rect2 {\r\n\t\t\t  -webkit-animation-delay: -1.1s;\r\n\t\t\t  animation-delay: -1.1s;\r\n\t\t\t}\r\n\t\t\t.rbs_gallery_69e36b5ba7af7Spinner .rbs_gallery_69e36b5ba7af7Rect3 {\r\n\t\t\t  -webkit-animation-delay: -1.0s;\r\n\t\t\t  animation-delay: -1.0s;\r\n\t\t\t}\r\n\t\t\t.rbs_gallery_69e36b5ba7af7Spinner .rbs_gallery_69e36b5ba7af7Rect4 {\r\n\t\t\t  -webkit-animation-delay: -0.9s;\r\n\t\t\t  animation-delay: -0.9s;\r\n\t\t\t}\r\n\t\t\t.rbs_gallery_69e36b5ba7af7Spinner .rbs_gallery_69e36b5ba7af7Rect5 {\r\n\t\t\t  -webkit-animation-delay: -0.8s;\r\n\t\t\t  animation-delay: -0.8s;\r\n\t\t\t}\r\n\t\t\t@-webkit-keyframes rbs_gallery_69e36b5ba7af7-stretchdelay {\r\n\t\t\t  0%, 40%, 100% { -webkit-transform: scaleY(0.4) }  \r\n\t\t\t  20% { -webkit-transform: scaleY(1.0) }\r\n\t\t\t}\r\n\t\t\t@keyframes rbs_gallery_69e36b5ba7af7-stretchdelay {\r\n\t\t\t  0%, 40%, 100% { \r\n\t\t\t    transform: scaleY(0.4);\r\n\t\t\t    -webkit-transform: scaleY(0.4);\r\n\t\t\t  }  20% { \r\n\t\t\t    transform: scaleY(1.0);\r\n\t\t\t    -webkit-transform: scaleY(1.0);\r\n\t\t\t  }\r\n\t\t\t}\r\n\t\t<\/style><div class=\"robo-gallery-wrap robo-gallery-wrap-id3532 robo-gallery-\" ><div id=\"rbs_gallery_69e36b5ba7af7-block-loader\" class=\"rbs_gallery_69e36b5ba7af7Spinner\"><div class=\"rbs_gallery_69e36b5ba7af7Rect1\"><\/div> <div class=\"rbs_gallery_69e36b5ba7af7Rect2\"><\/div> <div class=\"rbs_gallery_69e36b5ba7af7Rect3\"><\/div> <div class=\"rbs_gallery_69e36b5ba7af7Rect4\"><\/div> <div class=\"rbs_gallery_69e36b5ba7af7Rect5\"><\/div><\/div><div class=\"rbs_gallery_button  rbs_gallery_align_left\" id=\"rbs_gallery_69e36b5ba7af7filter\" style=\" display: none;\" ><a class=\"button button-border-caution  \" href=\"#\" data-filter=\"*\">All<\/a><\/div><div id=\"robo_gallery_main_block_rbs_gallery_69e36b5ba7af7\" class=\"robogallery-gallery-3532\" style=\"width:100%;  display: none;\"><div id=\"rbs_gallery_69e36b5ba7af7\" data-options=\"rbs_gallery_69e36b5ba7af7\" style=\"width:100%;\" class=\"robo_gallery  \"><div class=\"rbs-img  category3532 \" ><div class=\"rbs-img-image   rbs-lightbox \" ><div class=\"rbs-img-thumbs\"  data-thumbnail=\"https:\/\/www.paripari-lingerie.com\/wp-content\/uploads\/2024\/09\/SYLVIE-WHITE-PUSH-UP-and-FULL-HIGH-WAIST-FRONT-683x1024.jpg\"  title=\"SYLVIE WHITE PUSH-UP and FULL HIGH WAIST FRONT\"  data-width=\"683\"  data-height=\"1024\" ><\/div><div class=\"rbs-img-data-popup\"  data-popup=\"https:\/\/www.paripari-lingerie.com\/wp-content\/uploads\/2024\/09\/SYLVIE-WHITE-PUSH-UP-and-FULL-HIGH-WAIST-FRONT-scaled.jpg\"  title=\"SYLVIE WHITE PUSH-UP and FULL HIGH WAIST FRONT\" ><\/div><div class=\"thumbnail-overlay\"><div class=\"rbsTitle \">SYLVIE WHITE PUSH-UP and FULL HIGH WAIST FRONT<\/div><div class=\"rbsIcons\"><i class=\"fa fa-search-plus rbsZoomIcon \" ><\/i><\/div><\/div><\/div><\/div><div class=\"rbs-img  category3532 \" ><div class=\"rbs-img-image   rbs-lightbox \" ><div class=\"rbs-img-thumbs\"  data-thumbnail=\"https:\/\/www.paripari-lingerie.com\/wp-content\/uploads\/2024\/09\/SYLVIE-WHITE-FULL-HIGH-WAIST-REAR-683x1024.jpg\"  title=\"SYLVIE WHITE FULL HIGH WAIST REAR\"  data-width=\"683\"  data-height=\"1024\" ><\/div><div class=\"rbs-img-data-popup\"  data-popup=\"https:\/\/www.paripari-lingerie.com\/wp-content\/uploads\/2024\/09\/SYLVIE-WHITE-FULL-HIGH-WAIST-REAR-scaled.jpg\"  title=\"SYLVIE WHITE FULL HIGH WAIST REAR\" ><\/div><div class=\"thumbnail-overlay\"><div class=\"rbsTitle \">SYLVIE WHITE FULL HIGH WAIST REAR<\/div><div class=\"rbsIcons\"><i class=\"fa fa-search-plus rbsZoomIcon \" ><\/i><\/div><\/div><\/div><\/div><div class=\"rbs-img  category3532 \" ><div class=\"rbs-img-image   rbs-lightbox \" ><div class=\"rbs-img-thumbs\"  data-thumbnail=\"https:\/\/www.paripari-lingerie.com\/wp-content\/uploads\/2024\/09\/SYLVIE-WHITE-PUSH-UP-and-FULL-FRONT-683x1024.jpg\"  title=\"SYLVIE WHITE PUSH-UP and FULL FRONT\"  data-width=\"683\"  data-height=\"1024\" ><\/div><div class=\"rbs-img-data-popup\"  data-popup=\"https:\/\/www.paripari-lingerie.com\/wp-content\/uploads\/2024\/09\/SYLVIE-WHITE-PUSH-UP-and-FULL-FRONT-scaled.jpg\"  title=\"SYLVIE WHITE PUSH-UP and FULL FRONT\" ><\/div><div class=\"thumbnail-overlay\"><div class=\"rbsTitle \">SYLVIE WHITE PUSH-UP and FULL FRONT<\/div><div class=\"rbsIcons\"><i class=\"fa fa-search-plus rbsZoomIcon \" ><\/i><\/div><\/div><\/div><\/div><div class=\"rbs-img  category3532 \" ><div class=\"rbs-img-image   rbs-lightbox \" ><div class=\"rbs-img-thumbs\"  data-thumbnail=\"https:\/\/www.paripari-lingerie.com\/wp-content\/uploads\/2024\/09\/SYLVIE-WHITE-FULL-REAR-683x1024.jpg\"  title=\"SYLVIE WHITE FULL REAR\"  data-width=\"683\"  data-height=\"1024\" ><\/div><div class=\"rbs-img-data-popup\"  data-popup=\"https:\/\/www.paripari-lingerie.com\/wp-content\/uploads\/2024\/09\/SYLVIE-WHITE-FULL-REAR-scaled.jpg\"  title=\"SYLVIE WHITE FULL REAR\" ><\/div><div class=\"thumbnail-overlay\"><div class=\"rbsTitle \">SYLVIE WHITE FULL REAR<\/div><div class=\"rbsIcons\"><i class=\"fa fa-search-plus rbsZoomIcon \" ><\/i><\/div><\/div><\/div><\/div><div class=\"rbs-img  category3532 \" ><div class=\"rbs-img-image   rbs-lightbox \" ><div class=\"rbs-img-thumbs\"  data-thumbnail=\"https:\/\/www.paripari-lingerie.com\/wp-content\/uploads\/2024\/09\/SYLVIE-WHITE-PUSH-UP-and-STRING-FRONT-683x1024.jpg\"  title=\"SYLVIE WHITE PUSH-UP and STRING FRONT\"  data-width=\"683\"  data-height=\"1024\" ><\/div><div class=\"rbs-img-data-popup\"  data-popup=\"https:\/\/www.paripari-lingerie.com\/wp-content\/uploads\/2024\/09\/SYLVIE-WHITE-PUSH-UP-and-STRING-FRONT-scaled.jpg\"  title=\"SYLVIE WHITE PUSH-UP and STRING FRONT\" ><\/div><div class=\"thumbnail-overlay\"><div class=\"rbsTitle \">SYLVIE WHITE PUSH-UP and STRING FRONT<\/div><div class=\"rbsIcons\"><i class=\"fa fa-search-plus rbsZoomIcon \" ><\/i><\/div><\/div><\/div><\/div><div class=\"rbs-img  category3532 \" ><div class=\"rbs-img-image   rbs-lightbox \" ><div class=\"rbs-img-thumbs\"  data-thumbnail=\"https:\/\/www.paripari-lingerie.com\/wp-content\/uploads\/2024\/09\/SYLVIE-WHITE-STRING-REAR-683x1024.jpg\"  title=\"SYLVIE WHITE STRING REAR\"  data-width=\"683\"  data-height=\"1024\" ><\/div><div class=\"rbs-img-data-popup\"  data-popup=\"https:\/\/www.paripari-lingerie.com\/wp-content\/uploads\/2024\/09\/SYLVIE-WHITE-STRING-REAR-scaled.jpg\"  title=\"SYLVIE WHITE STRING REAR\" ><\/div><div class=\"thumbnail-overlay\"><div class=\"rbsTitle \">SYLVIE WHITE STRING REAR<\/div><div class=\"rbsIcons\"><i class=\"fa fa-search-plus rbsZoomIcon \" ><\/i><\/div><\/div><\/div><\/div><\/div><\/div><\/div><script>var rbs_gallery_69e36b5ba7af7 = {\"version\":\"5.1.4\",\"id\":3532,\"class\":\"id3532\",\"roboGalleryDelay\":1000,\"mainContainer\":\"#robo_gallery_main_block_rbs_gallery_69e36b5ba7af7\",\"loadingContainer\":\"#rbs_gallery_69e36b5ba7af7-block-loader\",\"loadingContainerObj\":\"rbs_gallery_69e36b5ba7af7-block-loader\",\"columnWidth\":\"auto\",\"columns\":3,\"resolutions\":[{\"columnWidth\":\"auto\",\"columns\":3,\"maxWidth\":960},{\"columnWidth\":\"auto\",\"columns\":2,\"maxWidth\":650},{\"columnWidth\":\"auto\",\"columns\":1,\"maxWidth\":450}],\"lightboxOptions\":{\"gallery\":{\"enabled\":true,\"tCounter\":\"%curr% of %total%\"}},\"overlayEffect\":\"direction-aware-fade\",\"boxesToLoadStart\":12,\"boxesToLoad\":8,\"waitUntilThumbLoads\":1,\"LoadingWord\":\"Loading...\",\"loadMoreWord\":\"Load More\",\"noMoreEntriesWord\":\"No More Entries\",\"horizontalSpaceBetweenBoxes\":15,\"verticalSpaceBetweenBoxes\":15,\"lazyLoad\":1,\"wrapContainer\":\"#robo-gallery-wrap-rbs_gallery_69e36b5ba7af7\",\"filterContainer\":\"#rbs_gallery_69e36b5ba7af7filter\",\"loadMoreClass\":\"button-border-caution \"};<\/script><\/p>\n<p><p><a href=\"\/sizes-table\">Tabela de tamanhos de <strong>lingerie PariPari<\/strong><\/a><br \/>\n<\/p><br \/>\n<p><\/p>\n<table class=\"sizeTable\">\n<tbody>\n<tr>\n<td><b>SUTI\u00c3 PUSH-UP<\/b><\/td>\n<\/tr>\n<tr>\n<td>65&nbsp;&nbsp;CDEFGH<\/td>\n<\/tr>\n<tr>\n<td>70&nbsp;&nbsp;BCDEFG<\/td>\n<\/tr>\n<tr>\n<td>75&nbsp;&nbsp;ABCDEFGH<\/td>\n<\/tr>\n<tr>\n<td>80&nbsp;&nbsp;ABCDEFG<\/td>\n<\/tr>\n<tr>\n<td>85&nbsp;&nbsp;ABCDE<\/td>\n<\/tr>\n<tr>\n<td>90&nbsp;&nbsp;BCDE<\/td>\n<\/tr>\n<tr>\n<td>95&nbsp;&nbsp;BCD<\/td>\n<\/tr>\n<tr>\n<td>100&nbsp;&nbsp;BC<\/td>\n<\/tr>\n<tr>\n<td>105&nbsp;&nbsp;B<\/td>\n<\/tr>\n<tr>\n<td><b>CALCINHAS CL\u00c1SSICAS<\/b><\/td>\n<\/tr>\n<tr>\n<td>S&nbsp;&nbsp;M&nbsp;&nbsp;L&nbsp;&nbsp;XL&nbsp;&nbsp;XXL&nbsp;&nbsp;XXXL<\/td>\n<\/tr>\n<tr>\n<td><b>CALCINHAS ALTAS (HW)<\/b><\/td>\n<\/tr>\n<tr>\n<td>S&nbsp;&nbsp;M&nbsp;&nbsp;L&nbsp;&nbsp;XL&nbsp;&nbsp;XXL&nbsp;&nbsp;XXXL<\/td>\n<\/tr>\n<tr>\n<td><b>FIO DENTAL<\/b><\/td>\n<\/tr>\n<tr>\n<td>S&nbsp;&nbsp;M&nbsp;&nbsp;L&nbsp;&nbsp;XL&nbsp;&nbsp;XXL&nbsp;&nbsp;XXXL<\/td>\n<\/tr>\n<\/tbody>\n<\/table>\n<p><\/p><\/p>\n<p><p><\/p>\n<div style=\"display: flex; align-items: center; gap: 15px; margin-top: 20px; width: 100%;\">\n    <img decoding=\"async\" src=\"https:\/\/www.paripari-lingerie.com\/wp-content\/uploads\/2024\/10\/handshake_icon.png\" alt=\"\u00cdcone de colabora\u00e7\u00e3o\" style=\"width: 50px; height: auto;\"\/><\/p>\n<div>\n        <b>Est\u00e1 interessado em colaborar conosco e tornar-se um distribuidor de lingerie PariPari?<br \/>\n        <a href=\"https:\/\/www.paripari-lingerie.com\/cooperation-resell-paripari-lingerie-and-build-your-success-with-our-brand\/\">Encontre mais informa\u00e7\u00f5es aqui<\/a>, entre em contato conosco \u2013 estamos ansiosos para ouvir de voc\u00ea!<\/b>\n    <\/div>\n<\/div>\n<p><\/p><br \/>\n<\/p>\n<p><\/p>","protected":false},"excerpt":{"rendered":"","protected":false},"author":1,"featured_media":0,"parent":1564,"menu_order":29,"comment_status":"closed","ping_status":"closed","template":"","meta":{"footnotes":""},"class_list":["post-3632","page","type-page","status-publish","czr-hentry"],"_links":{"self":[{"href":"https:\/\/www.paripari-lingerie.com\/pt\/wp-json\/wp\/v2\/pages\/3632","targetHints":{"allow":["GET"]}}],"collection":[{"href":"https:\/\/www.paripari-lingerie.com\/pt\/wp-json\/wp\/v2\/pages"}],"about":[{"href":"https:\/\/www.paripari-lingerie.com\/pt\/wp-json\/wp\/v2\/types\/page"}],"author":[{"embeddable":true,"href":"https:\/\/www.paripari-lingerie.com\/pt\/wp-json\/wp\/v2\/users\/1"}],"replies":[{"embeddable":true,"href":"https:\/\/www.paripari-lingerie.com\/pt\/wp-json\/wp\/v2\/comments?post=3632"}],"version-history":[{"count":7,"href":"https:\/\/www.paripari-lingerie.com\/pt\/wp-json\/wp\/v2\/pages\/3632\/revisions"}],"predecessor-version":[{"id":3812,"href":"https:\/\/www.paripari-lingerie.com\/pt\/wp-json\/wp\/v2\/pages\/3632\/revisions\/3812"}],"up":[{"embeddable":true,"href":"https:\/\/www.paripari-lingerie.com\/pt\/wp-json\/wp\/v2\/pages\/1564"}],"wp:attachment":[{"href":"https:\/\/www.paripari-lingerie.com\/pt\/wp-json\/wp\/v2\/media?parent=3632"}],"curies":[{"name":"wp","href":"https:\/\/api.w.org\/{rel}","templated":true}]}}