{"id":3832,"date":"2025-05-26T13:21:13","date_gmt":"2025-05-26T12:21:13","guid":{"rendered":"https:\/\/www.paripari-lingerie.com\/?page_id=3832"},"modified":"2025-10-06T11:55:33","modified_gmt":"2025-10-06T10:55:33","slug":"laila-white","status":"publish","type":"page","link":"https:\/\/www.paripari-lingerie.com\/pt\/collection\/laila-white\/","title":{"rendered":"LAILA BRANCA"},"content":{"rendered":"<p><br \/>\n<\/p>\n<p style=\"text-align: center;\"><style type=\"text\/css\" scoped>.rbs_gallery_69e36b5b80049Spinner{\r\n\t\t\t\tmargin: 50px auto;\r\n\t\t\t\twidth: 50px;\r\n\t\t\t\theight: 40px;\r\n\t\t\t\ttext-align: center;\r\n\t\t\t\tfont-size: 10px;\r\n\t\t\t}\r\n\t\t\t.rbs_gallery_69e36b5b80049Spinner > div{\r\n\t\t\t  background-color: #333;\r\n\t\t\t  height: 100%;\r\n\t\t\t  width: 6px;\r\n\t\t\t  display: inline-block;\r\n\t\t\t  -webkit-animation: rbs_gallery_69e36b5b80049-stretchdelay 1.2s infinite ease-in-out;\r\n\t\t\t  animation: rbs_gallery_69e36b5b80049-stretchdelay 1.2s infinite ease-in-out;\r\n\t\t\t}\r\n\t\t\t.rbs_gallery_69e36b5b80049Spinner .rbs_gallery_69e36b5b80049Rect2 {\r\n\t\t\t  -webkit-animation-delay: -1.1s;\r\n\t\t\t  animation-delay: -1.1s;\r\n\t\t\t}\r\n\t\t\t.rbs_gallery_69e36b5b80049Spinner .rbs_gallery_69e36b5b80049Rect3 {\r\n\t\t\t  -webkit-animation-delay: -1.0s;\r\n\t\t\t  animation-delay: -1.0s;\r\n\t\t\t}\r\n\t\t\t.rbs_gallery_69e36b5b80049Spinner .rbs_gallery_69e36b5b80049Rect4 {\r\n\t\t\t  -webkit-animation-delay: -0.9s;\r\n\t\t\t  animation-delay: -0.9s;\r\n\t\t\t}\r\n\t\t\t.rbs_gallery_69e36b5b80049Spinner .rbs_gallery_69e36b5b80049Rect5 {\r\n\t\t\t  -webkit-animation-delay: -0.8s;\r\n\t\t\t  animation-delay: -0.8s;\r\n\t\t\t}\r\n\t\t\t@-webkit-keyframes rbs_gallery_69e36b5b80049-stretchdelay {\r\n\t\t\t  0%, 40%, 100% { -webkit-transform: scaleY(0.4) }  \r\n\t\t\t  20% { -webkit-transform: scaleY(1.0) }\r\n\t\t\t}\r\n\t\t\t@keyframes rbs_gallery_69e36b5b80049-stretchdelay {\r\n\t\t\t  0%, 40%, 100% { \r\n\t\t\t    transform: scaleY(0.4);\r\n\t\t\t    -webkit-transform: scaleY(0.4);\r\n\t\t\t  }  20% { \r\n\t\t\t    transform: scaleY(1.0);\r\n\t\t\t    -webkit-transform: scaleY(1.0);\r\n\t\t\t  }\r\n\t\t\t}\r\n\t\t<\/style><div class=\"robo-gallery-wrap robo-gallery-wrap-id3843 robo-gallery-\" ><div id=\"rbs_gallery_69e36b5b80049-block-loader\" class=\"rbs_gallery_69e36b5b80049Spinner\"><div class=\"rbs_gallery_69e36b5b80049Rect1\"><\/div> <div class=\"rbs_gallery_69e36b5b80049Rect2\"><\/div> <div class=\"rbs_gallery_69e36b5b80049Rect3\"><\/div> <div class=\"rbs_gallery_69e36b5b80049Rect4\"><\/div> <div class=\"rbs_gallery_69e36b5b80049Rect5\"><\/div><\/div><div class=\"rbs_gallery_button  rbs_gallery_align_left\" id=\"rbs_gallery_69e36b5b80049filter\" style=\" display: none;\" ><a class=\"button button-border-caution  \" href=\"#\" data-filter=\"*\">All<\/a><\/div><div id=\"robo_gallery_main_block_rbs_gallery_69e36b5b80049\" class=\"robogallery-gallery-3843\" style=\"width:100%;  display: none;\"><div id=\"rbs_gallery_69e36b5b80049\" data-options=\"rbs_gallery_69e36b5b80049\" style=\"width:100%;\" class=\"robo_gallery  \"><div class=\"rbs-img  category3843 \" ><div class=\"rbs-img-image   rbs-lightbox \" ><div class=\"rbs-img-thumbs\"  data-thumbnail=\"https:\/\/www.paripari-lingerie.com\/wp-content\/uploads\/2025\/10\/LAILA_WHITE_BRA_SOFT_FRONT-683x1024.jpg\"  title=\"LAILA_WHITE_BRA_SOFT_FRONT\"  data-width=\"683\"  data-height=\"1024\" ><\/div><div class=\"rbs-img-data-popup\"  data-popup=\"https:\/\/www.paripari-lingerie.com\/wp-content\/uploads\/2025\/10\/LAILA_WHITE_BRA_SOFT_FRONT.jpg\"  title=\"LAILA_WHITE_BRA_SOFT_FRONT\" ><\/div><div class=\"thumbnail-overlay\"><div class=\"rbsTitle \">LAILA_WHITE_BRA_SOFT_FRONT<\/div><div class=\"rbsIcons\"><i class=\"fa fa-search-plus rbsZoomIcon \" ><\/i><\/div><\/div><\/div><\/div><div class=\"rbs-img  category3843 \" ><div class=\"rbs-img-image   rbs-lightbox \" ><div class=\"rbs-img-thumbs\"  data-thumbnail=\"https:\/\/www.paripari-lingerie.com\/wp-content\/uploads\/2025\/05\/LAILA_WHITE_BRA_PUSH-UP_FRONT-683x1024.jpg\"  title=\"LAILA_WHITE_BRA_PUSH-UP_FRONT\"  data-width=\"683\"  data-height=\"1024\" ><\/div><div class=\"rbs-img-data-popup\"  data-popup=\"https:\/\/www.paripari-lingerie.com\/wp-content\/uploads\/2025\/05\/LAILA_WHITE_BRA_PUSH-UP_FRONT.jpg\"  title=\"LAILA_WHITE_BRA_PUSH-UP_FRONT\" ><\/div><div class=\"thumbnail-overlay\"><div class=\"rbsTitle \">LAILA_WHITE_BRA_PUSH-UP_FRONT<\/div><div class=\"rbsIcons\"><i class=\"fa fa-search-plus rbsZoomIcon \" ><\/i><\/div><\/div><\/div><\/div><div class=\"rbs-img  category3843 \" ><div class=\"rbs-img-image   rbs-lightbox \" ><div class=\"rbs-img-thumbs\"  data-thumbnail=\"https:\/\/www.paripari-lingerie.com\/wp-content\/uploads\/2025\/10\/LAILA_WHITE_PANTY_FULL_FRONT-683x1024.jpg\"  title=\"LAILA_WHITE_PANTY_FULL_FRONT\"  data-width=\"683\"  data-height=\"1024\" ><\/div><div class=\"rbs-img-data-popup\"  data-popup=\"https:\/\/www.paripari-lingerie.com\/wp-content\/uploads\/2025\/10\/LAILA_WHITE_PANTY_FULL_FRONT.jpg\"  title=\"LAILA_WHITE_PANTY_FULL_FRONT\" ><\/div><div class=\"thumbnail-overlay\"><div class=\"rbsTitle \">LAILA_WHITE_PANTY_FULL_FRONT<\/div><div class=\"rbsIcons\"><i class=\"fa fa-search-plus rbsZoomIcon \" ><\/i><\/div><\/div><\/div><\/div><div class=\"rbs-img  category3843 \" ><div class=\"rbs-img-image   rbs-lightbox \" ><div class=\"rbs-img-thumbs\"  data-thumbnail=\"https:\/\/www.paripari-lingerie.com\/wp-content\/uploads\/2025\/10\/LAILA_WHITE_PANTY_FULL_REAR-683x1024.jpg\"  title=\"LAILA_WHITE_PANTY_FULL_REAR\"  data-width=\"683\"  data-height=\"1024\" ><\/div><div class=\"rbs-img-data-popup\"  data-popup=\"https:\/\/www.paripari-lingerie.com\/wp-content\/uploads\/2025\/10\/LAILA_WHITE_PANTY_FULL_REAR.jpg\"  title=\"LAILA_WHITE_PANTY_FULL_REAR\" ><\/div><div class=\"thumbnail-overlay\"><div class=\"rbsTitle \">LAILA_WHITE_PANTY_FULL_REAR<\/div><div class=\"rbsIcons\"><i class=\"fa fa-search-plus rbsZoomIcon \" ><\/i><\/div><\/div><\/div><\/div><div class=\"rbs-img  category3843 \" ><div class=\"rbs-img-image   rbs-lightbox \" ><div class=\"rbs-img-thumbs\"  data-thumbnail=\"https:\/\/www.paripari-lingerie.com\/wp-content\/uploads\/2025\/05\/LAILA_WHITE_PANTY_BRAZIL_HW_FRONT-683x1024.jpg\"  title=\"LAILA_WHITE_PANTY_BRAZIL_HW_FRONT\"  data-width=\"683\"  data-height=\"1024\" ><\/div><div class=\"rbs-img-data-popup\"  data-popup=\"https:\/\/www.paripari-lingerie.com\/wp-content\/uploads\/2025\/05\/LAILA_WHITE_PANTY_BRAZIL_HW_FRONT.jpg\"  title=\"LAILA_WHITE_PANTY_BRAZIL_HW_FRONT\" ><\/div><div class=\"thumbnail-overlay\"><div class=\"rbsTitle \">LAILA_WHITE_PANTY_BRAZIL_HW_FRONT<\/div><div class=\"rbsIcons\"><i class=\"fa fa-search-plus rbsZoomIcon \" ><\/i><\/div><\/div><\/div><\/div><div class=\"rbs-img  category3843 \" ><div class=\"rbs-img-image   rbs-lightbox \" ><div class=\"rbs-img-thumbs\"  data-thumbnail=\"https:\/\/www.paripari-lingerie.com\/wp-content\/uploads\/2025\/05\/LAILA_WHITE_PANTY_BRAZIL_HW_REAR-683x1024.jpg\"  title=\"LAILA_WHITE_PANTY_BRAZIL_HW_REAR\"  data-width=\"683\"  data-height=\"1024\" ><\/div><div class=\"rbs-img-data-popup\"  data-popup=\"https:\/\/www.paripari-lingerie.com\/wp-content\/uploads\/2025\/05\/LAILA_WHITE_PANTY_BRAZIL_HW_REAR.jpg\"  title=\"LAILA_WHITE_PANTY_BRAZIL_HW_REAR\" ><\/div><div class=\"thumbnail-overlay\"><div class=\"rbsTitle \">LAILA_WHITE_PANTY_BRAZIL_HW_REAR<\/div><div class=\"rbsIcons\"><i class=\"fa fa-search-plus rbsZoomIcon \" ><\/i><\/div><\/div><\/div><\/div><div class=\"rbs-img  category3843 \" ><div class=\"rbs-img-image   rbs-lightbox \" ><div class=\"rbs-img-thumbs\"  data-thumbnail=\"https:\/\/www.paripari-lingerie.com\/wp-content\/uploads\/2025\/05\/LAILA_WHITE_PANTY_FULL_HW_FRONT-683x1024.jpg\"  title=\"LAILA_WHITE_PANTY_FULL_HW_FRONT\"  data-width=\"683\"  data-height=\"1024\" ><\/div><div class=\"rbs-img-data-popup\"  data-popup=\"https:\/\/www.paripari-lingerie.com\/wp-content\/uploads\/2025\/05\/LAILA_WHITE_PANTY_FULL_HW_FRONT.jpg\"  title=\"LAILA_WHITE_PANTY_FULL_HW_FRONT\" ><\/div><div class=\"thumbnail-overlay\"><div class=\"rbsTitle \">LAILA_WHITE_PANTY_FULL_HW_FRONT<\/div><div class=\"rbsIcons\"><i class=\"fa fa-search-plus rbsZoomIcon \" ><\/i><\/div><\/div><\/div><\/div><div class=\"rbs-img  category3843 \" ><div class=\"rbs-img-image   rbs-lightbox \" ><div class=\"rbs-img-thumbs\"  data-thumbnail=\"https:\/\/www.paripari-lingerie.com\/wp-content\/uploads\/2025\/05\/LAILA_WHITE_PANTY_FULL_HW_REAR-683x1024.jpg\"  title=\"LAILA_WHITE_PANTY_FULL_HW_REAR\"  data-width=\"683\"  data-height=\"1024\" ><\/div><div class=\"rbs-img-data-popup\"  data-popup=\"https:\/\/www.paripari-lingerie.com\/wp-content\/uploads\/2025\/05\/LAILA_WHITE_PANTY_FULL_HW_REAR.jpg\"  title=\"LAILA_WHITE_PANTY_FULL_HW_REAR\" ><\/div><div class=\"thumbnail-overlay\"><div class=\"rbsTitle \">LAILA_WHITE_PANTY_FULL_HW_REAR<\/div><div class=\"rbsIcons\"><i class=\"fa fa-search-plus rbsZoomIcon \" ><\/i><\/div><\/div><\/div><\/div><\/div><\/div><\/div><script>var rbs_gallery_69e36b5b80049 = {\"version\":\"5.1.4\",\"id\":3843,\"class\":\"id3843\",\"roboGalleryDelay\":1000,\"mainContainer\":\"#robo_gallery_main_block_rbs_gallery_69e36b5b80049\",\"loadingContainer\":\"#rbs_gallery_69e36b5b80049-block-loader\",\"loadingContainerObj\":\"rbs_gallery_69e36b5b80049-block-loader\",\"columnWidth\":\"auto\",\"columns\":3,\"resolutions\":[{\"columnWidth\":\"auto\",\"columns\":3,\"maxWidth\":960},{\"columnWidth\":\"auto\",\"columns\":2,\"maxWidth\":650},{\"columnWidth\":\"auto\",\"columns\":1,\"maxWidth\":450}],\"lightboxOptions\":{\"gallery\":{\"enabled\":true,\"tCounter\":\"%curr% of %total%\"}},\"overlayEffect\":\"direction-aware-fade\",\"boxesToLoadStart\":12,\"boxesToLoad\":8,\"waitUntilThumbLoads\":1,\"LoadingWord\":\"Loading...\",\"loadMoreWord\":\"Load More\",\"noMoreEntriesWord\":\"No More Entries\",\"horizontalSpaceBetweenBoxes\":15,\"verticalSpaceBetweenBoxes\":15,\"lazyLoad\":1,\"wrapContainer\":\"#robo-gallery-wrap-rbs_gallery_69e36b5b80049\",\"filterContainer\":\"#rbs_gallery_69e36b5b80049filter\",\"loadMoreClass\":\"button-border-caution \"};<\/script><\/p>\n<p><\/p>\n<div class=\"product-description\">\n<p><strong>LAILA \u2013 eleg\u00e2ncia para todos os dias<\/strong><\/p>\n<p>  <!-- SOFT --><\/p>\n<p><strong>Soutien SOFT (sem almofadas)<\/strong><\/p>\n<p>\n    Soutien macio em renda floral e microfibra lisa, proporcionando formato natural e conforto excecional.<br \/>\n    A parte superior do copo \u00e9 em malha delicada e a parte inferior em renda forrada para maior estabilidade.<br \/>\n    A estrutura oferece \u00f3timo suporte, mesmo para bustos maiores. Dispon\u00edvel at\u00e9 ao tamanho <strong>115B<\/strong>.\n  <\/p>\n<ul>\n<li>Modelagem natural e suporte suave.<\/li>\n<li>Al\u00e7as ajust\u00e1veis e n\u00e3o remov\u00edveis.<\/li>\n<li>Lados lisos \u2013 invis\u00edveis sob a roupa.<\/li>\n<\/ul>\n<p>  <!-- PUSH --><\/p>\n<p><strong>Soutien PUSH-UP<\/strong><\/p>\n<p>\n    Soutien push-up sensual em renda floral, desenhado para mulheres que valorizam conforto e eleg\u00e2ncia.<br \/>\n    Copas com almofadas remov\u00edveis levantam e moldam o busto, real\u00e7ando o decote.<br \/>\n    Laterais lisas adaptam-se perfeitamente sob a roupa e as al\u00e7as ajust\u00e1veis garantem suporte est\u00e1vel.<br \/>\n    Ideal para o dia a dia e ocasi\u00f5es especiais.\n  <\/p>\n<p>  <!-- FULL --><\/p>\n<p><strong>Cueca FULL (cl\u00e1ssica)<\/strong><\/p>\n<p>\n    Cueca cl\u00e1ssica que combina conforto e estilo feminino.<br \/>\n    A parte traseira em microfibra lisa \u00e9 invis\u00edvel sob a roupa,<br \/>\n    enquanto a parte dianteira, decorada com renda floral e dois tri\u00e2ngulos de tule transparente, acrescenta leveza e eleg\u00e2ncia.<br \/>\n    Um pequeno detalhe floral ao centro completa o visual. Dispon\u00edvel at\u00e9 ao tamanho <strong>5XL<\/strong>.\n  <\/p>\n<p>  <!-- BRAZIL HW --><\/p>\n<p><strong>Cueca BRAZIL HW (brasileira de cintura alta)<\/strong><\/p>\n<p>\n    Cueca brasileira de cintura alta, sensual e confort\u00e1vel.<br \/>\n    A parte traseira em renda e tule adapta-se suavemente ao corpo, sem marcar,<br \/>\n    enquanto a parte dianteira em renda floral e tule transparente alonga visualmente a silhueta.<br \/>\n    Um pequeno detalhe floral no centro d\u00e1 um toque delicado.\n  <\/p>\n<p>  <!-- FULL HW --><\/p>\n<p><strong>Cueca FULL HW (de cintura alta)<\/strong><\/p>\n<p>\n    Cueca cl\u00e1ssica de cintura alta que alia conforto e feminilidade.<br \/>\n    Parte traseira em microfibra lisa e parte dianteira em renda floral com dois tri\u00e2ngulos de tule transparente.<br \/>\n    Um pequeno detalhe floral ao centro acrescenta um toque elegante e discreto.\n  <\/p>\n<\/div>\n<p><\/p>\n<p><\/p>\n<table class=\"sizeTable\">\n<tbody>\n<tr>\n<td><b>SOUTI\u00c3 PUSH-UP<\/b><\/td>\n<\/tr>\n<tr>\n<td>65&nbsp;&nbsp;CDEFGH<\/td>\n<\/tr>\n<tr>\n<td>70&nbsp;&nbsp;BCDEFG<\/td>\n<\/tr>\n<tr>\n<td>75&nbsp;&nbsp;ABCDEFGH<\/td>\n<\/tr>\n<tr>\n<td>80&nbsp;&nbsp;ABCDEFG<\/td>\n<\/tr>\n<tr>\n<td>85&nbsp;&nbsp;ABCDEF<\/td>\n<\/tr>\n<tr>\n<td>90&nbsp;&nbsp;BCDE<\/td>\n<\/tr>\n<tr>\n<td>95&nbsp;&nbsp;BCD<\/td>\n<\/tr>\n<tr>\n<td>100&nbsp;&nbsp;BC<\/td>\n<\/tr>\n<tr>\n<td>105&nbsp;&nbsp;B<\/td>\n<\/tr>\n<tr>\n<td><b>SOUTI\u00c3 SUAVE<\/b><\/td>\n<\/tr>\n<tr>\n<td>65&nbsp;&nbsp;DEFGH<\/td>\n<\/tr>\n<tr>\n<td>70&nbsp;&nbsp;CDEFG<\/td>\n<\/tr>\n<tr>\n<td>75&nbsp;&nbsp;BCDEFGHIJ<\/td>\n<\/tr>\n<tr>\n<td>80&nbsp;&nbsp;ABCDEFGHI<\/td>\n<\/tr>\n<tr>\n<td>85&nbsp;&nbsp;ABCDEFGH<\/td>\n<\/tr>\n<tr>\n<td>90&nbsp;&nbsp;BCDEFG<\/td>\n<\/tr>\n<tr>\n<td>95&nbsp;&nbsp;BCDEF<\/td>\n<\/tr>\n<tr>\n<td>100&nbsp;&nbsp;BCDE<\/td>\n<\/tr>\n<tr>\n<td>105&nbsp;&nbsp;BCD<\/td>\n<\/tr>\n<tr>\n<td>110&nbsp;&nbsp;BC<\/td>\n<\/tr>\n<tr>\n<td>115&nbsp;&nbsp;B<\/td>\n<\/tr>\n<tr>\n<td><b>CUECA CL\u00c1SSICA<\/b><\/td>\n<\/tr>\n<tr>\n<td>S&nbsp;&nbsp;M&nbsp;&nbsp;L&nbsp;&nbsp;XL&nbsp;&nbsp;XXL&nbsp;&nbsp;XXXL&nbsp;&nbsp;4XL&nbsp;&nbsp;5XL<\/td>\n<\/tr>\n<tr>\n<td><b>CUECA DE CINTURA ALTA (HW)<\/b><\/td>\n<\/tr>\n<tr>\n<td>S&nbsp;&nbsp;M&nbsp;&nbsp;L&nbsp;&nbsp;XL&nbsp;&nbsp;XXL&nbsp;&nbsp;XXXL<\/td>\n<\/tr>\n<tr>\n<td><b>BRASILEIRA DE CINTURA ALTA (HW)<\/b><\/td>\n<\/tr>\n<tr>\n<td>S&nbsp;&nbsp;M&nbsp;&nbsp;L&nbsp;&nbsp;XL&nbsp;&nbsp;XXL&nbsp;&nbsp;XXXL<\/td>\n<\/tr>\n<\/tbody>\n<\/table>\n<p><\/p>\n<p><p><\/p>\n<div style=\"display: flex; align-items: center; gap: 15px; margin-top: 20px; width: 100%;\">\n    <img decoding=\"async\" src=\"https:\/\/www.paripari-lingerie.com\/wp-content\/uploads\/2024\/10\/handshake_icon.png\" alt=\"\u00cdcone de colabora\u00e7\u00e3o\" style=\"width: 50px; height: auto;\"\/><\/p>\n<div>\n        <b>Est\u00e1 interessado em colaborar conosco e tornar-se um distribuidor de lingerie PariPari?<br \/>\n        <a href=\"https:\/\/www.paripari-lingerie.com\/cooperation-resell-paripari-lingerie-and-build-your-success-with-our-brand\/\">Encontre mais informa\u00e7\u00f5es aqui<\/a>, entre em contato conosco \u2013 estamos ansiosos para ouvir de voc\u00ea!<\/b>\n    <\/div>\n<\/div>\n<p><\/p><br \/>\n <\/p>\n","protected":false},"excerpt":{"rendered":"","protected":false},"author":1,"featured_media":0,"parent":1564,"menu_order":21,"comment_status":"closed","ping_status":"closed","template":"","meta":{"footnotes":""},"class_list":["post-3832","page","type-page","status-publish","czr-hentry"],"_links":{"self":[{"href":"https:\/\/www.paripari-lingerie.com\/pt\/wp-json\/wp\/v2\/pages\/3832","targetHints":{"allow":["GET"]}}],"collection":[{"href":"https:\/\/www.paripari-lingerie.com\/pt\/wp-json\/wp\/v2\/pages"}],"about":[{"href":"https:\/\/www.paripari-lingerie.com\/pt\/wp-json\/wp\/v2\/types\/page"}],"author":[{"embeddable":true,"href":"https:\/\/www.paripari-lingerie.com\/pt\/wp-json\/wp\/v2\/users\/1"}],"replies":[{"embeddable":true,"href":"https:\/\/www.paripari-lingerie.com\/pt\/wp-json\/wp\/v2\/comments?post=3832"}],"version-history":[{"count":4,"href":"https:\/\/www.paripari-lingerie.com\/pt\/wp-json\/wp\/v2\/pages\/3832\/revisions"}],"predecessor-version":[{"id":3919,"href":"https:\/\/www.paripari-lingerie.com\/pt\/wp-json\/wp\/v2\/pages\/3832\/revisions\/3919"}],"up":[{"embeddable":true,"href":"https:\/\/www.paripari-lingerie.com\/pt\/wp-json\/wp\/v2\/pages\/1564"}],"wp:attachment":[{"href":"https:\/\/www.paripari-lingerie.com\/pt\/wp-json\/wp\/v2\/media?parent=3832"}],"curies":[{"name":"wp","href":"https:\/\/api.w.org\/{rel}","templated":true}]}}