{"id":3909,"date":"2025-10-06T10:50:14","date_gmt":"2025-10-06T09:50:14","guid":{"rendered":"https:\/\/www.paripari-lingerie.com\/?page_id=3909"},"modified":"2025-10-06T12:08:55","modified_gmt":"2025-10-06T11:08:55","slug":"blue-sky","status":"publish","type":"page","link":"https:\/\/www.paripari-lingerie.com\/pt\/collection\/blue-sky\/","title":{"rendered":"BLUE SKY"},"content":{"rendered":"<p><br \/>\n<\/p>\n<p style=\"text-align: center;\"><style type=\"text\/css\" scoped>.rbs_gallery_69e354d553cf3Spinner{\r\n\t\t\t\tmargin: 50px auto;\r\n\t\t\t\twidth: 50px;\r\n\t\t\t\theight: 40px;\r\n\t\t\t\ttext-align: center;\r\n\t\t\t\tfont-size: 10px;\r\n\t\t\t}\r\n\t\t\t.rbs_gallery_69e354d553cf3Spinner > div{\r\n\t\t\t  background-color: #333;\r\n\t\t\t  height: 100%;\r\n\t\t\t  width: 6px;\r\n\t\t\t  display: inline-block;\r\n\t\t\t  -webkit-animation: rbs_gallery_69e354d553cf3-stretchdelay 1.2s infinite ease-in-out;\r\n\t\t\t  animation: rbs_gallery_69e354d553cf3-stretchdelay 1.2s infinite ease-in-out;\r\n\t\t\t}\r\n\t\t\t.rbs_gallery_69e354d553cf3Spinner .rbs_gallery_69e354d553cf3Rect2 {\r\n\t\t\t  -webkit-animation-delay: -1.1s;\r\n\t\t\t  animation-delay: -1.1s;\r\n\t\t\t}\r\n\t\t\t.rbs_gallery_69e354d553cf3Spinner .rbs_gallery_69e354d553cf3Rect3 {\r\n\t\t\t  -webkit-animation-delay: -1.0s;\r\n\t\t\t  animation-delay: -1.0s;\r\n\t\t\t}\r\n\t\t\t.rbs_gallery_69e354d553cf3Spinner .rbs_gallery_69e354d553cf3Rect4 {\r\n\t\t\t  -webkit-animation-delay: -0.9s;\r\n\t\t\t  animation-delay: -0.9s;\r\n\t\t\t}\r\n\t\t\t.rbs_gallery_69e354d553cf3Spinner .rbs_gallery_69e354d553cf3Rect5 {\r\n\t\t\t  -webkit-animation-delay: -0.8s;\r\n\t\t\t  animation-delay: -0.8s;\r\n\t\t\t}\r\n\t\t\t@-webkit-keyframes rbs_gallery_69e354d553cf3-stretchdelay {\r\n\t\t\t  0%, 40%, 100% { -webkit-transform: scaleY(0.4) }  \r\n\t\t\t  20% { -webkit-transform: scaleY(1.0) }\r\n\t\t\t}\r\n\t\t\t@keyframes rbs_gallery_69e354d553cf3-stretchdelay {\r\n\t\t\t  0%, 40%, 100% { \r\n\t\t\t    transform: scaleY(0.4);\r\n\t\t\t    -webkit-transform: scaleY(0.4);\r\n\t\t\t  }  20% { \r\n\t\t\t    transform: scaleY(1.0);\r\n\t\t\t    -webkit-transform: scaleY(1.0);\r\n\t\t\t  }\r\n\t\t\t}\r\n\t\t<\/style><div class=\"robo-gallery-wrap robo-gallery-wrap-id2524 robo-gallery-\" ><div id=\"rbs_gallery_69e354d553cf3-block-loader\" class=\"rbs_gallery_69e354d553cf3Spinner\"><div class=\"rbs_gallery_69e354d553cf3Rect1\"><\/div> <div class=\"rbs_gallery_69e354d553cf3Rect2\"><\/div> <div class=\"rbs_gallery_69e354d553cf3Rect3\"><\/div> <div class=\"rbs_gallery_69e354d553cf3Rect4\"><\/div> <div class=\"rbs_gallery_69e354d553cf3Rect5\"><\/div><\/div><div id=\"robo_gallery_main_block_rbs_gallery_69e354d553cf3\" class=\"robogallery-gallery-2524\" style=\"width:100%;  display: none;\"><div id=\"rbs_gallery_69e354d553cf3\" data-options=\"rbs_gallery_69e354d553cf3\" style=\"width:100%;\" class=\"robo_gallery  \"><div class=\"rbs-img  category2524 \" ><div class=\"rbs-img-image   rbs-lightbox \" ><div class=\"rbs-img-thumbs\"  data-thumbnail=\"https:\/\/www.paripari-lingerie.com\/wp-content\/uploads\/2025\/10\/BLUE_SKY_BLUE_BRA_PUSH-UP_FRONT-683x1024.jpg\"  title=\"BLUE_SKY_BLUE_BRA_PUSH-UP_FRONT\"  data-width=\"683\"  data-height=\"1024\" ><\/div><div class=\"rbs-img-data-popup\"  data-popup=\"https:\/\/www.paripari-lingerie.com\/wp-content\/uploads\/2025\/10\/BLUE_SKY_BLUE_BRA_PUSH-UP_FRONT.jpg\"  title=\"BLUE_SKY_BLUE_BRA_PUSH-UP_FRONT\" ><\/div><div class=\"thumbnail-overlay\"><div class=\"rbsTitle \">BLUE_SKY_BLUE_BRA_PUSH-UP_FRONT<\/div><div class=\"rbsIcons\"><i class=\"fa fa-search-plus rbsZoomIcon \" ><\/i><\/div><\/div><\/div><\/div><div class=\"rbs-img  category2524 \" ><div class=\"rbs-img-image   rbs-lightbox \" ><div class=\"rbs-img-thumbs\"  data-thumbnail=\"https:\/\/www.paripari-lingerie.com\/wp-content\/uploads\/2025\/10\/BLUE_SKY_BLUE_BRA_PUSH-UP_REAR-683x1024.jpg\"  title=\"BLUE_SKY_BLUE_BRA_PUSH-UP_REAR\"  data-width=\"683\"  data-height=\"1024\" ><\/div><div class=\"rbs-img-data-popup\"  data-popup=\"https:\/\/www.paripari-lingerie.com\/wp-content\/uploads\/2025\/10\/BLUE_SKY_BLUE_BRA_PUSH-UP_REAR.jpg\"  title=\"BLUE_SKY_BLUE_BRA_PUSH-UP_REAR\" ><\/div><div class=\"thumbnail-overlay\"><div class=\"rbsTitle \">BLUE_SKY_BLUE_BRA_PUSH-UP_REAR<\/div><div class=\"rbsIcons\"><i class=\"fa fa-search-plus rbsZoomIcon \" ><\/i><\/div><\/div><\/div><\/div><div class=\"rbs-img  category2524 \" ><div class=\"rbs-img-image   rbs-lightbox \" ><div class=\"rbs-img-thumbs\"  data-thumbnail=\"https:\/\/www.paripari-lingerie.com\/wp-content\/uploads\/2025\/10\/BLUE-SKY-BLUE-PUSH-UP-and-FULL-HIGH-WAIST-FRONT-683x1024.jpg\"  title=\"BLUE SKY BLUE PUSH-UP and FULL HIGH WAIST FRONT\"  data-width=\"683\"  data-height=\"1024\" ><\/div><div class=\"rbs-img-data-popup\"  data-popup=\"https:\/\/www.paripari-lingerie.com\/wp-content\/uploads\/2025\/10\/BLUE-SKY-BLUE-PUSH-UP-and-FULL-HIGH-WAIST-FRONT-scaled.jpg\"  title=\"BLUE SKY BLUE PUSH-UP and FULL HIGH WAIST FRONT\" ><\/div><div class=\"thumbnail-overlay\"><div class=\"rbsTitle \">BLUE SKY BLUE PUSH-UP and FULL HIGH WAIST FRONT<\/div><div class=\"rbsIcons\"><i class=\"fa fa-search-plus rbsZoomIcon \" ><\/i><\/div><\/div><\/div><\/div><div class=\"rbs-img  category2524 \" ><div class=\"rbs-img-image   rbs-lightbox \" ><div class=\"rbs-img-thumbs\"  data-thumbnail=\"https:\/\/www.paripari-lingerie.com\/wp-content\/uploads\/2025\/10\/BLUE-SKY-BLUE-FULL-HIGH-WAIST-REAR-683x1024.jpg\"  title=\"BLUE SKY BLUE FULL HIGH WAIST REAR\"  data-width=\"683\"  data-height=\"1024\" ><\/div><div class=\"rbs-img-data-popup\"  data-popup=\"https:\/\/www.paripari-lingerie.com\/wp-content\/uploads\/2025\/10\/BLUE-SKY-BLUE-FULL-HIGH-WAIST-REAR-scaled.jpg\"  title=\"BLUE SKY BLUE FULL HIGH WAIST REAR\" ><\/div><div class=\"thumbnail-overlay\"><div class=\"rbsTitle \">BLUE SKY BLUE FULL HIGH WAIST REAR<\/div><div class=\"rbsIcons\"><i class=\"fa fa-search-plus rbsZoomIcon \" ><\/i><\/div><\/div><\/div><\/div><div class=\"rbs-img  category2524 \" ><div class=\"rbs-img-image   rbs-lightbox \" ><div class=\"rbs-img-thumbs\"  data-thumbnail=\"https:\/\/www.paripari-lingerie.com\/wp-content\/uploads\/2025\/10\/BLUE-SKY-BLUE-PUSH-UP-and-FULL-FRONT-683x1024.jpg\"  title=\"BLUE SKY BLUE PUSH-UP and FULL FRONT\"  data-width=\"683\"  data-height=\"1024\" ><\/div><div class=\"rbs-img-data-popup\"  data-popup=\"https:\/\/www.paripari-lingerie.com\/wp-content\/uploads\/2025\/10\/BLUE-SKY-BLUE-PUSH-UP-and-FULL-FRONT-scaled.jpg\"  title=\"BLUE SKY BLUE PUSH-UP and FULL FRONT\" ><\/div><div class=\"thumbnail-overlay\"><div class=\"rbsTitle \">BLUE SKY BLUE PUSH-UP and FULL FRONT<\/div><div class=\"rbsIcons\"><i class=\"fa fa-search-plus rbsZoomIcon \" ><\/i><\/div><\/div><\/div><\/div><div class=\"rbs-img  category2524 \" ><div class=\"rbs-img-image   rbs-lightbox \" ><div class=\"rbs-img-thumbs\"  data-thumbnail=\"https:\/\/www.paripari-lingerie.com\/wp-content\/uploads\/2025\/10\/BLUE-SKY-BLUE-FULL-REAR.jpg-683x1024.jpg\"  title=\"BLUE SKY BLUE FULL REAR.jpg\"  data-width=\"683\"  data-height=\"1024\" ><\/div><div class=\"rbs-img-data-popup\"  data-popup=\"https:\/\/www.paripari-lingerie.com\/wp-content\/uploads\/2025\/10\/BLUE-SKY-BLUE-FULL-REAR.jpg-scaled.jpg\"  title=\"BLUE SKY BLUE FULL REAR.jpg\" ><\/div><div class=\"thumbnail-overlay\"><div class=\"rbsTitle \">BLUE SKY BLUE FULL REAR.jpg<\/div><div class=\"rbsIcons\"><i class=\"fa fa-search-plus rbsZoomIcon \" ><\/i><\/div><\/div><\/div><\/div><\/div><\/div><\/div><script>var rbs_gallery_69e354d553cf3 = {\"version\":\"5.1.4\",\"id\":2524,\"class\":\"id2524\",\"roboGalleryDelay\":1000,\"mainContainer\":\"#robo_gallery_main_block_rbs_gallery_69e354d553cf3\",\"loadingContainer\":\"#rbs_gallery_69e354d553cf3-block-loader\",\"loadingContainerObj\":\"rbs_gallery_69e354d553cf3-block-loader\",\"columnWidth\":\"auto\",\"columns\":3,\"resolutions\":[{\"columnWidth\":\"auto\",\"columns\":3,\"maxWidth\":960},{\"columnWidth\":\"auto\",\"columns\":2,\"maxWidth\":650},{\"columnWidth\":\"auto\",\"columns\":1,\"maxWidth\":450}],\"lightboxOptions\":{\"gallery\":{\"enabled\":true,\"tCounter\":\"%curr% of %total%\"}},\"overlayEffect\":\"direction-aware-fade\",\"boxesToLoadStart\":12,\"boxesToLoad\":8,\"waitUntilThumbLoads\":1,\"LoadingWord\":\"Loading...\",\"loadMoreWord\":\"Load More\",\"noMoreEntriesWord\":\"No More Entries\",\"horizontalSpaceBetweenBoxes\":15,\"verticalSpaceBetweenBoxes\":15,\"lazyLoad\":0,\"wrapContainer\":\"#robo-gallery-wrap-rbs_gallery_69e354d553cf3\"};<\/script><\/p>\n<p><\/p>\n<table class=\"sizeTable\">\n<tbody>\n<tr>\n<td><b>SOUTI\u00c3 PUSH-UP<\/b><\/td>\n<\/tr>\n<tr>\n<td>65&nbsp;&nbsp;CDEFGH<\/td>\n<\/tr>\n<tr>\n<td>70&nbsp;&nbsp;BCDEFG<\/td>\n<\/tr>\n<tr>\n<td>75&nbsp;&nbsp;ABCDEF<\/td>\n<\/tr>\n<tr>\n<td>80&nbsp;&nbsp;ABCDE<\/td>\n<\/tr>\n<tr>\n<td>85&nbsp;&nbsp;ABCD<\/td>\n<\/tr>\n<tr>\n<td>90&nbsp;&nbsp;BC<\/td>\n<\/tr>\n<tr>\n<td>95&nbsp;&nbsp;B<\/td>\n<\/tr>\n<tr>\n<td><b>CUECA CL\u00c1SSICA<\/b><\/td>\n<\/tr>\n<tr>\n<td>S&nbsp;&nbsp;M&nbsp;&nbsp;L&nbsp;&nbsp;XL&nbsp;&nbsp;XXL<\/td>\n<\/tr>\n<tr>\n<td><b>CUECA DE CINTURA ALTA (HW)<\/b><\/td>\n<\/tr>\n<tr>\n<td>S&nbsp;&nbsp;M&nbsp;&nbsp;L&nbsp;&nbsp;XL&nbsp;&nbsp;XXL<\/td>\n<\/tr>\n<\/tbody>\n<\/table>\n<p><\/p>\n<p><\/p>\n<div class=\"product-description\">\n<p><strong>BLUE SKY \u2013 beleza e versatilidade<\/strong><\/p>\n<p>  <!-- BRA PUSH-UP --><\/p>\n<p><strong>Soutien PUSH-UP<\/strong><\/p>\n<p>\n    Blue Sky \u00e9 um soutien push-up \u00fanico que combina delicadeza feminina e funcionalidade di\u00e1ria.<br \/>\n    As copas termoformadas s\u00e3o forradas com malha macia e possuem almofadas remov\u00edveis,<br \/>\n    adaptando-se ao formato natural do busto para um levantamento elegante e um decote real\u00e7ado.\n  <\/p>\n<p>\n    Um verdadeiro modelo <em>2 em 1<\/em> \u2013 perfeito para o uso di\u00e1rio ou como parte superior de biqu\u00edni.<br \/>\n    O design apresenta uma estampa animal-floral harmoniosa: sobre um fundo azul e turquesa<br \/>\n    florescem flores, folhas, p\u00e1ssaros e borboletas coloridas.<br \/>\n    As al\u00e7as destac\u00e1veis na parte de tr\u00e1s permitem diferentes estilos,<br \/>\n    enquanto um la\u00e7o rosa entre as copas adiciona um toque delicado e feminino.\n  <\/p>\n<p>  <!-- PANTY FULL --><\/p>\n<p><strong>Cueca CL\u00c1SSICA<\/strong><\/p>\n<p>\n    Cuecas cl\u00e1ssicas desenhadas para conforto e um estilo de ver\u00e3o harmonioso.<br \/>\n    Confeccionadas em tecido com estampa animal-floral \u2013 flores, folhas, p\u00e1ssaros e borboletas<br \/>\n    sobre um fundo azul e turquesa.<br \/>\n    O corte cl\u00e1ssico garante conforto di\u00e1rio e o c\u00f3s largo e macio abra\u00e7a o corpo suavemente sem apertar.<br \/>\n    O complemento perfeito para o soutien Blue Sky.\n  <\/p>\n<p>  <!-- PANTY FULL HW --><\/p>\n<p><strong>Cueca de cintura alta (FULL HW)<\/strong><\/p>\n<p>\n    Corte cl\u00e1ssico com um toque moderno \u2013 projetado para modelar suavemente a silhueta e oferecer maior conforto.<br \/>\n    A parte frontal \u00e9 composta por tr\u00eas sec\u00e7\u00f5es cortadas com precis\u00e3o, sendo a central forrada com malha estabilizadora<br \/>\n    para um leve efeito modelador e um acabamento elegante. A borda superior tem uma faixa el\u00e1stica larga e macia<br \/>\n    que mant\u00e9m o formato e acrescenta um toque contempor\u00e2neo.<br \/>\n    Finalizado com uma estampa animal-floral em tons de azul e turquesa.\n  <\/p>\n<p><em>Blue Sky \u00e9 a escolha perfeita para mulheres que procuram feminilidade, conforto e frescor de ver\u00e3o \u2013 em conjunto ou separadamente.<\/em><\/p>\n<\/div>\n<p><\/p>\n<p><p><\/p>\n<div style=\"display: flex; align-items: center; gap: 15px; margin-top: 20px; width: 100%;\">\n    <img decoding=\"async\" src=\"https:\/\/www.paripari-lingerie.com\/wp-content\/uploads\/2024\/10\/handshake_icon.png\" alt=\"\u00cdcone de colabora\u00e7\u00e3o\" style=\"width: 50px; height: auto;\"\/><\/p>\n<div>\n        <b>Est\u00e1 interessado em colaborar conosco e tornar-se um distribuidor de lingerie PariPari?<br \/>\n        <a href=\"https:\/\/www.paripari-lingerie.com\/cooperation-resell-paripari-lingerie-and-build-your-success-with-our-brand\/\">Encontre mais informa\u00e7\u00f5es aqui<\/a>, entre em contato conosco \u2013 estamos ansiosos para ouvir de voc\u00ea!<\/b>\n    <\/div>\n<\/div>\n<p><\/p><br \/>\n <\/p>\n","protected":false},"excerpt":{"rendered":"","protected":false},"author":1,"featured_media":0,"parent":1564,"menu_order":20,"comment_status":"closed","ping_status":"closed","template":"","meta":{"footnotes":""},"class_list":["post-3909","page","type-page","status-publish","czr-hentry"],"_links":{"self":[{"href":"https:\/\/www.paripari-lingerie.com\/pt\/wp-json\/wp\/v2\/pages\/3909","targetHints":{"allow":["GET"]}}],"collection":[{"href":"https:\/\/www.paripari-lingerie.com\/pt\/wp-json\/wp\/v2\/pages"}],"about":[{"href":"https:\/\/www.paripari-lingerie.com\/pt\/wp-json\/wp\/v2\/types\/page"}],"author":[{"embeddable":true,"href":"https:\/\/www.paripari-lingerie.com\/pt\/wp-json\/wp\/v2\/users\/1"}],"replies":[{"embeddable":true,"href":"https:\/\/www.paripari-lingerie.com\/pt\/wp-json\/wp\/v2\/comments?post=3909"}],"version-history":[{"count":2,"href":"https:\/\/www.paripari-lingerie.com\/pt\/wp-json\/wp\/v2\/pages\/3909\/revisions"}],"predecessor-version":[{"id":3927,"href":"https:\/\/www.paripari-lingerie.com\/pt\/wp-json\/wp\/v2\/pages\/3909\/revisions\/3927"}],"up":[{"embeddable":true,"href":"https:\/\/www.paripari-lingerie.com\/pt\/wp-json\/wp\/v2\/pages\/1564"}],"wp:attachment":[{"href":"https:\/\/www.paripari-lingerie.com\/pt\/wp-json\/wp\/v2\/media?parent=3909"}],"curies":[{"name":"wp","href":"https:\/\/api.w.org\/{rel}","templated":true}]}}